{"id":1158,"date":"2021-05-25T10:41:13","date_gmt":"2021-05-25T10:41:13","guid":{"rendered":"https:\/\/theplastichike.org\/?page_id=1158"},"modified":"2024-07-10T13:03:08","modified_gmt":"2024-07-10T13:03:08","slug":"the-plastic-hike","status":"publish","type":"page","link":"https:\/\/thetrashtraveler.org\/pt\/the-plastic-hike\/","title":{"rendered":"THE PLASTIC HIKE"},"content":{"rendered":"<p>[et_pb_section fb_built=&#8221;1&#8243; admin_label=&#8221;Section&#8221; _builder_version=&#8221;4.16&#8243; background_color=&#8221;RGBA(0,0,0,0)&#8221; background_image=&#8221;https:\/\/thetrashtraveler.org\/wp-content\/uploads\/2022\/01\/BACKGROUND-TOP.png&#8221; background_position=&#8221;top_center&#8221; height=&#8221;1150px&#8221; height_tablet=&#8221;&#8221; height_phone=&#8221;1000px&#8221; height_last_edited=&#8221;on|phone&#8221; max_height=&#8221;850px&#8221; max_height_tablet=&#8221;850px&#8221; max_height_phone=&#8221;1000px&#8221; max_height_last_edited=&#8221;on|phone&#8221; custom_margin=&#8221;||||false|false&#8221; custom_margin_tablet=&#8221;&#8221; custom_margin_phone=&#8221;||||false|false&#8221; custom_margin_last_edited=&#8221;on|tablet&#8221; custom_padding=&#8221;||||false|false&#8221; background_last_edited=&#8221;on|phone&#8221; background_image_phone=&#8221;https:\/\/thetrashtraveler.org\/wp-content\/uploads\/2022\/01\/BACKGROUND-TOP.png&#8221; background_enable_image_phone=&#8221;on&#8221; background_size_tablet=&#8221;initial&#8221; collapsed=&#8221;off&#8221; global_colors_info=&#8221;{}&#8221;][et_pb_row _builder_version=&#8221;4.16&#8243; _module_preset=&#8221;default&#8221; width=&#8221;100%&#8221; width_tablet=&#8221;100%&#8221; width_phone=&#8221;100%&#8221; width_last_edited=&#8221;on|desktop&#8221; custom_margin=&#8221;100px||||false|false&#8221; custom_margin_tablet=&#8221;&#8221; custom_margin_phone=&#8221;60px|auto||auto|false|false&#8221; custom_margin_last_edited=&#8221;on|phone&#8221; custom_padding=&#8221;||||false|false&#8221; global_colors_info=&#8221;{}&#8221;][et_pb_column type=&#8221;4_4&#8243; _builder_version=&#8221;4.16&#8243; _module_preset=&#8221;default&#8221; global_colors_info=&#8221;{}&#8221;][et_pb_image src=&#8221;https:\/\/thetrashtraveler.org\/wp-content\/uploads\/2022\/01\/Ativo-8.png&#8221; title_text=&#8221;Ativo 10&#8243; src_tablet=&#8221;https:\/\/thetrashtraveler.org\/wp-content\/uploads\/2022\/01\/Ativo-8.png&#8221; src_phone=&#8221;https:\/\/thetrashtraveler.org\/wp-content\/uploads\/2022\/01\/Ativo-10.png&#8221; src_last_edited=&#8221;on|phone&#8221; _builder_version=&#8221;4.16&#8243; _module_preset=&#8221;default&#8221; width=&#8221;70%&#8221; width_tablet=&#8221;80%&#8221; width_phone=&#8221;90%&#8221; width_last_edited=&#8221;on|desktop&#8221; module_alignment=&#8221;center&#8221; global_colors_info=&#8221;{}&#8221;][\/et_pb_image][et_pb_text _builder_version=&#8221;4.16&#8243; _module_preset=&#8221;92a8c64c-048b-49bd-befb-ae63167bb719&#8243; width=&#8221;100%&#8221; max_width=&#8221;70%&#8221; max_width_tablet=&#8221;80%&#8221; max_width_phone=&#8221;80%&#8221; max_width_last_edited=&#8221;on|phone&#8221; module_alignment=&#8221;center&#8221; global_colors_info=&#8221;{}&#8221;]<\/p>\n<p>In 2020,<span>\u00a0<\/span><a href=\"https:\/\/www.instagram.com\/thetrashtraveler\/\">The Trash Traveler<\/a><span>\u00a0<\/span>hiked every single meter of the 832 km long coast of Portugal in 58 days to raise awareness about plastic pollution together with more than 100 NGOs. 1,6 tons of plastic were collected but the coast is not clean at all\u2026 8 million tons of plastic enter the ocean yearly. It&#8217;s not about cleaning.<\/p>\n<p>Plastic pollution starts with it\u2019s production, using fossil fuels. The ocean starts with our actions, in our homes. Join our journey to take care of our planet, to act responsibly and demand companies to take on responsibility for what they produce. If everyone tries to make an impact, we can achieve change together.<\/p>\n<p><strong>REFUSE<\/strong><span>\u00a0<\/span>single-use plastics,<span>\u00a0<\/span><strong>REDUCE<\/strong><span>\u00a0<\/span>packaging as much as possible,<span>\u00a0<\/span><strong>RETHINK<\/strong><span>\u00a0<\/span>fish consumption and<span>\u00a0<\/span><strong>REUSE<\/strong><span>\u00a0<\/span>every item you own until it reaches the end of life \u2013 only then, recycle it.<\/p>\n<p><span style=\"font-weight: 400;\"><\/span><\/p>\n<p><span style=\"font-weight: 400;\"><strong>The Plastic Hike<\/strong> resulted in a beautiful network of people, NGOs and artists. A <a href=\"https:\/\/thetrashtraveler.org\/documentary\/\"><strong>documentary movie<\/strong><\/a> (by Camera With No Name) can be watched and several <a href=\"https:\/\/thetrashtraveler.org\/exhibition\/\"><strong>art pieces<\/strong><\/a> were developed with the collected plastic. We give workshops, play environmental board games and give talks about The Plastic Hike adventure.<\/p>\n<p><a href=\"https:\/\/www.youtube.com\/watch?v=bbBRQ_4P8KU&amp;t=2s\"><strong>Watch the Documentary &#8220;The Plastic Hike&#8221; here on YouTube!<\/strong><\/a><br \/><\/span><\/p>\n<p><span style=\"font-size: 17px;\">\u00a0<\/span><a href=\"https:\/\/thetrashtraveler.org\/talk-to-us\/\" style=\"font-size: 17px;\">Get in touch with us!<\/a><\/p>\n<p><span style=\"font-weight: 400;\"><\/span><\/p>\n<p>[\/et_pb_text][\/et_pb_column][\/et_pb_row][et_pb_row column_structure=&#8221;1_2,1_2&#8243; _builder_version=&#8221;4.16&#8243; _module_preset=&#8221;default&#8221; width=&#8221;25%&#8221; width_tablet=&#8221;30%&#8221; width_phone=&#8221;50%&#8221; width_last_edited=&#8221;on|phone&#8221; custom_margin=&#8221;||||false|false&#8221; global_colors_info=&#8221;{}&#8221;][et_pb_column type=&#8221;1_2&#8243; _builder_version=&#8221;4.16&#8243; _module_preset=&#8221;default&#8221; global_colors_info=&#8221;{}&#8221;][et_pb_button button_url=&#8221;@ET-DC@eyJkeW5hbWljIjp0cnVlLCJjb250ZW50IjoicG9zdF9saW5rX3VybF9wYWdlIiwic2V0dGluZ3MiOnsicG9zdF9pZCI6IjIyOCJ9fQ==@&#8221; button_text=&#8221;Documentary movie&#8221; button_alignment=&#8221;center&#8221; button_alignment_tablet=&#8221;&#8221; button_alignment_phone=&#8221;center&#8221; button_alignment_last_edited=&#8221;on|desktop&#8221; admin_label=&#8221;AGENDA&#8221; _builder_version=&#8221;4.16&#8243; _dynamic_attributes=&#8221;button_url&#8221; _module_preset=&#8221;default&#8221; custom_button=&#8221;on&#8221; button_text_size=&#8221;19px&#8221; button_text_color=&#8221;#FFFFFF&#8221; button_bg_color=&#8221;#0C71C3&#8243; button_border_color=&#8221;rgba(224,153,0,0)&#8221; button_font=&#8221;Abel||||||||&#8221; button_use_icon=&#8221;off&#8221; custom_margin=&#8221;25px||||false|false&#8221; custom_margin_tablet=&#8221;0px||||false|false&#8221; custom_margin_phone=&#8221;||||false|false&#8221; custom_margin_last_edited=&#8221;on|phone&#8221; custom_padding=&#8221;3px|10px|3px|10px|false|false&#8221; custom_padding_tablet=&#8221;&#8221; custom_padding_phone=&#8221;0px||0px||false|false&#8221; custom_padding_last_edited=&#8221;on|phone&#8221; button_text_size_tablet=&#8221;&#8221; button_text_size_phone=&#8221;19px&#8221; button_text_size_last_edited=&#8221;on|desktop&#8221; button_text_shadow_style=&#8221;preset1&#8243; button_text_shadow_horizontal_length=&#8221;-0.1em&#8221; button_text_shadow_vertical_length=&#8221;0.03em&#8221; global_colors_info=&#8221;{}&#8221; button_bg_color__hover_enabled=&#8221;on|hover&#8221; button_bg_color__hover=&#8221;rgba(12,113,195,0.52)&#8221; button_bg_enable_color__hover=&#8221;on&#8221; button_text_size__hover_enabled=&#8221;on|desktop&#8221; button_text_size__hover=&#8221;&#8221;][\/et_pb_button][\/et_pb_column][et_pb_column type=&#8221;1_2&#8243; _builder_version=&#8221;4.16&#8243; _module_preset=&#8221;default&#8221; global_colors_info=&#8221;{}&#8221;][et_pb_button button_url=&#8221;@ET-DC@eyJkeW5hbWljIjp0cnVlLCJjb250ZW50IjoicG9zdF9saW5rX3VybF9wYWdlIiwic2V0dGluZ3MiOnsicG9zdF9pZCI6Ijc1In19@&#8221; button_text=&#8221;Art pieces&#8221; button_alignment=&#8221;center&#8221; button_alignment_tablet=&#8221;&#8221; button_alignment_phone=&#8221;center&#8221; button_alignment_last_edited=&#8221;on|desktop&#8221; admin_label=&#8221;AGENDA&#8221; _builder_version=&#8221;4.16&#8243; _dynamic_attributes=&#8221;button_url&#8221; _module_preset=&#8221;default&#8221; custom_button=&#8221;on&#8221; button_text_size=&#8221;19px&#8221; button_text_color=&#8221;#FFFFFF&#8221; button_bg_color=&#8221;#0C71C3&#8243; button_border_color=&#8221;rgba(224,153,0,0)&#8221; button_font=&#8221;Abel||||||||&#8221; button_use_icon=&#8221;off&#8221; custom_margin=&#8221;25px||||false|false&#8221; custom_margin_tablet=&#8221;0px||||false|false&#8221; custom_margin_phone=&#8221;||||false|false&#8221; custom_margin_last_edited=&#8221;on|phone&#8221; custom_padding=&#8221;3px|10px|3px|10px|false|false&#8221; custom_padding_tablet=&#8221;&#8221; custom_padding_phone=&#8221;0px||0px||false|false&#8221; custom_padding_last_edited=&#8221;on|phone&#8221; button_text_size_tablet=&#8221;&#8221; button_text_size_phone=&#8221;19px&#8221; button_text_size_last_edited=&#8221;on|desktop&#8221; button_text_shadow_style=&#8221;preset1&#8243; button_text_shadow_horizontal_length=&#8221;-0.1em&#8221; button_text_shadow_vertical_length=&#8221;0.03em&#8221; global_colors_info=&#8221;{}&#8221; button_bg_color__hover_enabled=&#8221;on|hover&#8221; button_bg_color__hover=&#8221;rgba(12,113,195,0.52)&#8221; button_bg_enable_color__hover=&#8221;on&#8221; button_text_size__hover_enabled=&#8221;on|desktop&#8221; button_text_size__hover=&#8221;&#8221;][\/et_pb_button][\/et_pb_column][\/et_pb_row][\/et_pb_section][et_pb_section fb_built=&#8221;1&#8243; _builder_version=&#8221;4.16&#8243; _module_preset=&#8221;default&#8221; background_image=&#8221;https:\/\/thetrashtraveler.org\/wp-content\/uploads\/2022\/01\/FUNDO.png&#8221; custom_margin=&#8221;||||false|false&#8221; global_colors_info=&#8221;{}&#8221;][et_pb_row _builder_version=&#8221;4.16&#8243; _module_preset=&#8221;default&#8221; custom_margin_tablet=&#8221;&#8221; custom_margin_phone=&#8221;&#8221; custom_margin_last_edited=&#8221;on|tablet&#8221; locked=&#8221;off&#8221; global_colors_info=&#8221;{}&#8221;][et_pb_column type=&#8221;4_4&#8243; _builder_version=&#8221;4.16&#8243; _module_preset=&#8221;default&#8221; custom_padding=&#8221;||||false|false&#8221; global_colors_info=&#8221;{}&#8221;][et_pb_text _builder_version=&#8221;4.16&#8243; _module_preset=&#8221;92a8c64c-048b-49bd-befb-ae63167bb719&#8243; custom_margin_tablet=&#8221;70px||||false|false&#8221; custom_margin_phone=&#8221;70px|0px||0px|false|false&#8221; custom_margin_last_edited=&#8221;on|desktop&#8221; custom_padding=&#8221;||||false|false&#8221; global_colors_info=&#8221;{}&#8221;]<\/p>\n<p>The<strong> biggest thanks goes to all the participants. Only together we can reach change.<\/strong><\/p>\n<p><strong><\/strong><\/p>\n<p><strong>Main Sponsors:<\/strong><\/p>\n<p>Jack Wolfskin I River Cleanup<\/p>\n<p><strong>NGOs &amp; Initiatives:<br \/><\/strong><br \/>1 piece army I 2 With The Planet I 3drivers I Agrupamento de Escolas Dr. Alberto Iria (Manuela Valentim Teixeira) I Agrupamento de Escolas Dr. Francisco Fernandes Lopes (Ant\u00f3nio Espadaneira) I AIMM Portugal I Alimar Acao Lixo Marinho I Aventuras da Mia I Bandeira Azul I Biataki I Brigada Do Mar I Cabriolet Music Studio I C\u00e2mara Municipal de Espinho I Cantinho do Tareco I Catraia I CCVALG I CEACA I Circular Wear I Connect4Climate I Costa Vicentina Oficial I Dopper Official I Escola Azul I FOCA (Focus On Critical Action) I Give Sea Life A Hand I Globaltribe I Guardi\u00e3o Do Oceano I Isto \u00e9 lixo I Liferesc I LindoMar I Linked.Green I Litter@sea I Lizzy Artwork I Madame Granel I Mar Usar Recuperar I Maria Granel I MarMeu I Mia oceanos (Ana Lu\u00edsa Carrola) I Mind The Trash I Missao Beatao I Movimento N\u00e3o Lixes I NADO \u2013 N\u00e1utica Desportiva Ovarense I Nalu Project I Novo Mundo I Ocean Alive e as Guardi\u00e3s do Oceano I Oceanbeer (Gabriel Rosa) I Oceano Azul Foundation I Oceans And Flow I Ocyando I One Piece After Another I Quando +1 = -1 I Quercus \u2013 N\u00facleo Regional do Algarve (Claudia Sil) I Remains Surfboards I River Cleanup I Rotary Club I Sagres Beach Clean I Sailors for the sea I Sciaena I Sea Groove I Sea Shepherd Portugal I Sealand Santa Cruz I Setubal Bay I Surfrider Lisboa I Surfrider Peniche I Tita Horta E Costa I Verdim I Vertigem Azul I Vivalab Porto I Zero Waste Youth Portugal I Zouri Vegan Shoes<\/p>\n<p><strong>Accomodation:<br \/><\/strong><br \/>AIMM Portugal I Alamos Retreat I Aqualuz Troia Mar I Arda Surf School &amp; House I Arrifana Surfcamp I Belmar Resort I Buganv\u00edlias do Meco I Carolina Gaspar I Casa do Sard\u00e3o I Cercas Velhas I Chic Suits<br \/>Duna Parque Hotel I Hotel Faro I Hotel Meli\u00e1 Set\u00fabal I Linda Jochens I Misha\u00b4s Place I Noah Surf House I Quinta do Mestre I Remain Surfboards I Steve Surfboards &amp; Lili I Zulla Nazar\u00e9 Surf Village<\/p>\n<p><strong>Meals:<br \/><\/strong><br \/>A Casa Da Madalena I AIMM Portugal I AMA Casal Ventoso I Arte Bianca I Bar Do Guincho I Bloomy Market I Canteiro I Carrapateira Surf I Dorte e Rui I FeelViana I Food Factory 2021 I Ginger Caf\u00e9 I Hamburgueria do Bairro I Ilha do Arroz I Kailua Fonte da Telha I Kalux Beach Bar I La Bella Vita.pc I Lado B I Leaves Caf\u00e9 Portugal I Liferesc<br \/>Maceda Surfcamp I Noah Surf House I O Lagoeiro I Picaba Natural Caf\u00e9 I Pizzaria Tranoi I Restaurante O Sacas I Restaurante P\u00e9rola do Oceano I Sand Beach Bar I Sea You Surf Caf\u00e9<\/p>\n<p>[\/et_pb_text][\/et_pb_column][\/et_pb_row][\/et_pb_section]<\/p>\n","protected":false},"excerpt":{"rendered":"<p>In 2020,\u00a0The Trash Traveler\u00a0hiked every single meter of the 832 km long coast of Portugal in 58 days to raise awareness about plastic pollution together with more than 100 NGOs. [&hellip;]<\/p>\n","protected":false},"author":2,"featured_media":0,"parent":0,"menu_order":0,"comment_status":"closed","ping_status":"closed","template":"","meta":{"_et_pb_use_builder":"on","_et_pb_old_content":"<!-- wp:divi\/placeholder \/-->","_et_gb_content_width":"","footnotes":""},"folder":[21],"class_list":["post-1158","page","type-page","status-publish","hentry"],"_links":{"self":[{"href":"https:\/\/thetrashtraveler.org\/pt\/wp-json\/wp\/v2\/pages\/1158","targetHints":{"allow":["GET"]}}],"collection":[{"href":"https:\/\/thetrashtraveler.org\/pt\/wp-json\/wp\/v2\/pages"}],"about":[{"href":"https:\/\/thetrashtraveler.org\/pt\/wp-json\/wp\/v2\/types\/page"}],"author":[{"embeddable":true,"href":"https:\/\/thetrashtraveler.org\/pt\/wp-json\/wp\/v2\/users\/2"}],"replies":[{"embeddable":true,"href":"https:\/\/thetrashtraveler.org\/pt\/wp-json\/wp\/v2\/comments?post=1158"}],"version-history":[{"count":42,"href":"https:\/\/thetrashtraveler.org\/pt\/wp-json\/wp\/v2\/pages\/1158\/revisions"}],"predecessor-version":[{"id":6197,"href":"https:\/\/thetrashtraveler.org\/pt\/wp-json\/wp\/v2\/pages\/1158\/revisions\/6197"}],"wp:attachment":[{"href":"https:\/\/thetrashtraveler.org\/pt\/wp-json\/wp\/v2\/media?parent=1158"}],"wp:term":[{"taxonomy":"folder","embeddable":true,"href":"https:\/\/thetrashtraveler.org\/pt\/wp-json\/wp\/v2\/folder?post=1158"}],"curies":[{"name":"wp","href":"https:\/\/api.w.org\/{rel}","templated":true}]}}