{"id":1556,"date":"2021-05-26T16:37:45","date_gmt":"2021-05-26T16:37:45","guid":{"rendered":"https:\/\/theplastichike.org\/?page_id=1556"},"modified":"2023-09-13T16:17:59","modified_gmt":"2023-09-13T16:17:59","slug":"summary-the-trash-art-awards","status":"publish","type":"page","link":"https:\/\/thetrashtraveler.org\/pt\/summary-the-trash-art-awards\/","title":{"rendered":"Summary &#8211; The Trash Art Awards"},"content":{"rendered":"<p>[et_pb_section fb_built=&#8221;1&#8243; admin_label=&#8221;LANDING&#8221; _builder_version=&#8221;4.16&#8243; _module_preset=&#8221;default&#8221; background_image=&#8221;https:\/\/thetrashtraveler.org\/wp-content\/uploads\/2022\/01\/BACKGROUND-TOP.png&#8221; background_position=&#8221;top_center&#8221; height_tablet=&#8221;&#8221; height_phone=&#8221;&#8221; height_last_edited=&#8221;on|phone&#8221; max_height_tablet=&#8221;&#8221; max_height_phone=&#8221;&#8221; max_height_last_edited=&#8221;on|phone&#8221; custom_margin=&#8221;||||false|false&#8221; custom_margin_tablet=&#8221;&#8221; custom_margin_phone=&#8221;||||false|false&#8221; custom_margin_last_edited=&#8221;on|desktop&#8221; background_last_edited=&#8221;on|phone&#8221; background_image_phone=&#8221;https:\/\/thetrashtraveler.org\/wp-content\/uploads\/2022\/01\/BACKGROUND-TOP.png&#8221; background_enable_image_phone=&#8221;on&#8221; background_size_tablet=&#8221;initial&#8221; background_size_phone=&#8221;initial&#8221; background_position_phone=&#8221;top_center&#8221; collapsed=&#8221;off&#8221; global_colors_info=&#8221;{}&#8221;][et_pb_row admin_label=&#8221;Header Artists&#8221; _builder_version=&#8221;4.16&#8243; _module_preset=&#8221;default&#8221; width=&#8221;100%&#8221; min_height=&#8221;100px&#8221; custom_margin=&#8221;100px|auto||auto|false|false&#8221; custom_margin_tablet=&#8221;&#8221; custom_margin_phone=&#8221;60px|auto||auto|false|false&#8221; custom_margin_last_edited=&#8221;on|phone&#8221; custom_padding=&#8221;||||false|false&#8221; global_colors_info=&#8221;{}&#8221;][et_pb_column type=&#8221;4_4&#8243; _builder_version=&#8221;4.16&#8243; _module_preset=&#8221;default&#8221; global_colors_info=&#8221;{}&#8221;][et_pb_image src=&#8221;https:\/\/thetrashtraveler.org\/wp-content\/uploads\/2023\/09\/Ativo-2.png&#8221; alt=&#8221;THE&#8221; title_text=&#8221;Ativo-2&#8243; _builder_version=&#8221;4.22.1&#8243; _module_preset=&#8221;default&#8221; width=&#8221;70%&#8221; width_tablet=&#8221;80%&#8221; width_phone=&#8221;95%&#8221; width_last_edited=&#8221;on|phone&#8221; module_alignment=&#8221;center&#8221; global_colors_info=&#8221;{}&#8221;][\/et_pb_image][et_pb_social_media_follow admin_label=&#8221;Social Media Follow&#8221; _builder_version=&#8221;4.22.1&#8243; _module_preset=&#8221;default&#8221; text_orientation=&#8221;center&#8221; custom_margin=&#8221;||||false|false&#8221; custom_margin_tablet=&#8221;&#8221; custom_margin_phone=&#8221;||||false|false&#8221; custom_margin_last_edited=&#8221;on|tablet&#8221; custom_padding=&#8221;||||false|false&#8221; text_orientation_tablet=&#8221;&#8221; text_orientation_phone=&#8221;center&#8221; text_orientation_last_edited=&#8221;on|phone&#8221; global_colors_info=&#8221;{}&#8221;][et_pb_social_media_follow_network social_network=&#8221;instagram&#8221; url=&#8221;https:\/\/www.instagram.com\/thetrashtraveler&#8221; icon_color=&#8221;#FFFFFF&#8221; use_icon_font_size=&#8221;on&#8221; icon_font_size=&#8221;18px&#8221; icon_font_size_tablet=&#8221;&#8221; icon_font_size_phone=&#8221;&#8221; icon_font_size_last_edited=&#8221;on|phone&#8221; _builder_version=&#8221;4.22.1&#8243; _module_preset=&#8221;default&#8221; background_color=&#8221;#ea2c59&#8243; custom_margin=&#8221;|-11px|||false|false&#8221; global_colors_info=&#8221;{}&#8221; follow_button=&#8221;off&#8221; url_new_window=&#8221;on&#8221;]instagram[\/et_pb_social_media_follow_network][et_pb_social_media_follow_network social_network=&#8221;facebook&#8221; url=&#8221;https:\/\/www.facebook.com\/thetrashtraveler1&#8243; icon_color=&#8221;#FFFFFF&#8221; use_icon_font_size=&#8221;on&#8221; icon_font_size=&#8221;18px&#8221; icon_font_size_tablet=&#8221;&#8221; icon_font_size_phone=&#8221;&#8221; icon_font_size_last_edited=&#8221;on|phone&#8221; _builder_version=&#8221;4.22.1&#8243; _module_preset=&#8221;default&#8221; background_color=&#8221;#3b5998&#8243; custom_margin=&#8221;|-11px|||false|false&#8221; global_colors_info=&#8221;{}&#8221; follow_button=&#8221;off&#8221; url_new_window=&#8221;on&#8221;]facebook[\/et_pb_social_media_follow_network][\/et_pb_social_media_follow][\/et_pb_column][\/et_pb_row][et_pb_row _builder_version=&#8221;4.22.1&#8243; _module_preset=&#8221;default&#8221; width=&#8221;auto&#8221; global_colors_info=&#8221;{}&#8221;][et_pb_column type=&#8221;4_4&#8243; _builder_version=&#8221;4.16&#8243; _module_preset=&#8221;default&#8221; global_colors_info=&#8221;{}&#8221;][et_pb_text _builder_version=&#8221;4.22.1&#8243; _module_preset=&#8221;default&#8221; global_colors_info=&#8221;{}&#8221;]<\/p>\n<p style=\"text-align: center;\"><span style=\"color: #ffffff; font-size: large;\"><b>VAMOS CRIAR CONSCI\u00caNCIA COM CRIATIVIDADE <br \/><\/b><b>NO DIA INTERNACIONAL DE LIMPEZA?<br \/><\/b><b>THE TRASH ART AWARDS &#8211; <\/b><b>faz o bem e ganha pr\u00e9mios!<\/b><\/span><\/p>\n<p>[\/et_pb_text][et_pb_text _builder_version=&#8221;4.22.1&#8243; _module_preset=&#8221;default&#8221; global_colors_info=&#8221;{}&#8221;]<\/p>\n<p style=\"text-align: center;\"><strong><span style=\"color: #ffffff;\">O ativista &#8220;The Trash Traveler&#8221; convida todos a celebrarem o \u201cDia internacional de limpeza&#8221; juntando-se \u00e0 sua comunidade em Portugal (e no mundo) com o objetivo de recolher res\u00edduos e criar, no ch\u00e3o, uma pe\u00e7a de arte instant\u00e2nea. <\/span><span style=\"color: #ffffff; font-size: 14px;\">\u00a0<\/span><\/strong><\/p>\n<p style=\"text-align: center;\"><strong><span style=\"color: #ffffff;\">Sensibilizar a comunidade para causas fundamentais como o descarte inapropriado de lixo e embalagens de utiliza\u00e7\u00e3o \u00fanica, ao mesmo tempo que promove alternativas de desperd\u00edcio zero \u00e9 o principal objetivo da iniciativa, que decorre entre 16 e 24 de Setembro<\/span><\/strong><\/p>\n<p>[\/et_pb_text][et_pb_image src=&#8221;https:\/\/thetrashtraveler.org\/wp-content\/uploads\/2023\/09\/TheTrashTravelerExample-scaled.jpeg&#8221; alt=&#8221;The Trash Traveler&#8221; title_text=&#8221;The Trash Traveler&#8221; _builder_version=&#8221;4.22.1&#8243; _module_preset=&#8221;default&#8221; global_colors_info=&#8221;{}&#8221;][\/et_pb_image][et_pb_text _builder_version=&#8221;4.22.1&#8243; _module_preset=&#8221;default&#8221; background_color=&#8221;#003238&#8243; background_enable_image=&#8221;off&#8221; hover_enabled=&#8221;0&#8243; global_colors_info=&#8221;{}&#8221; sticky_enabled=&#8221;0&#8243;]<\/p>\n<p style=\"text-align: justify;\"><span style=\"font-weight: 400; color: #ffffff;\">Ap\u00f3s 4 anos de sensibiliza\u00e7\u00e3o de forma divertida e criativa em Portugal sobre a polui\u00e7\u00e3o por pl\u00e1sticos, The Trash Traveler entra em um novo cap\u00edtulo para convidar a comunidade a se unir para os <a href=\"https:\/\/thetrashtraveler.org\/the-trash-art-awards\/)\">The Trash Art Awards<\/a>: Um desafio de arte com lixo comunit\u00e1rio amador para mudar o foco de limpar as praias para sensibilizar sobre as causas fundamentais da polui\u00e7\u00e3o por pl\u00e1sticos. Limpar o mundo n\u00e3o \u00e9 poss\u00edvel se n\u00e3o abordarmos as causas de base fundamentais, como a conscientiza\u00e7\u00e3o sobre o lixo ou embalagens de uso \u00fanico. Portanto, limpamos para sensibilizar, seguindo o lema do The Trash Traveler &#8220;com divers\u00e3o e criatividade&#8221;, e enfatizamos a necessidade de reutilizar e reabastecer o que j\u00e1 possu\u00edmos.<\/span><\/p>\n<p style=\"text-align: justify;\"><span style=\"font-weight: 400; color: #ffffff;\">Andreas Noe veio da Alemanha para viver em Portugal h\u00e1 6 anos e \u00e9 o fundador do The Trash Traveler. Em projetos anteriores a n\u00edvel nacional, ele enfrentou alguns coment\u00e1rios cr\u00edticos sobre por que um alem\u00e3o deveria realizar este projeto em Portugal. No entanto, ele sempre enfatiza que a polui\u00e7\u00e3o por pl\u00e1sticos \u00e9 um problema global, mas que se apaixonou por Portugal, que se tornou a sua nova casa, e, por isso, gosta de trabalhar em conjunto com a comunidade portuguesa. Para mostrar, desta vez, que o uso \u00fanico \u00e9 um problema mundial, os <a href=\"https:\/\/thetrashtraveler.org\/the-trash-art-awards\/)\">The Trash Art Awards<\/a> estar\u00e3o abertos a n\u00edvel mundial. Haver\u00e1 pr\u00e9mios para um vencedor mundial e, devido \u00e0 sua liga\u00e7\u00e3o a Portugal, haver\u00e1 mais pr\u00e9mios apenas para Portugal.<\/span><\/p>\n<p style=\"text-align: justify;\"><span style=\"color: #ffffff;\"><b>J\u00e1 s\u00e3o esperadas obras de arte de 26 pa\u00edses diferentes, e pelo menos 30 est\u00e3o pr\u00e9-confirmadas em Portugal. O n\u00famero est\u00e1 a aumentar diariamente! (<a href=\"https:\/\/thetrashtraveler.org\/the-trash-art-awards\/)\">Lista aqui<\/a>)<\/b><\/span><\/p>\n<p style=\"text-align: justify;\"><span style=\"font-weight: 400; color: #ffffff;\">O desafio arranca a 16 de Setembro e decorre at\u00e9 24 de Setembro. \u201cConvidamos todos a participarem, incluindo escolas, munic\u00edpios, freguesias locais, universidades, lojas, restaurantes, ONGs, av\u00f3s, o Presidente Marcelo e o p\u00fablico em geral..\u201d, acrescenta Andreas.<\/span><\/p>\n<p style=\"text-align: left;\"><span style=\"color: #ffffff; font-size: 14px; text-align: left;\">1. Apanha lixo.<br \/>2. <\/span><span style=\"color: #ffffff; font-size: 14px; text-align: left;\">Cria uma obra de arte bidimensional no ch\u00e3o.<br \/><\/span><span style=\"color: #ffffff; font-size: 14px; text-align: left;\">3. Tira uma fotografia da obra de arte, partilha-a nas redes sociais e identifica @TheTrashTraveler.<br \/><\/span><span style=\"color: #ffffff; font-size: 14px; text-align: left;\">4. Carrega a fotografia no formul\u00e1rio do Google para participar no concurso (<\/span><a href=\"https:\/\/thetrashtraveler.org\/the-trash-art-awards\/\" style=\"font-size: 14px; text-align: left; color: #ffffff;\">https:\/\/thetrashtraveler.org\/the-trash-art-awards\/<\/a><span style=\"color: #ffffff; font-size: 14px; text-align: left;\">)<br \/><\/span><span style=\"color: #ffffff; font-size: 14px; text-align: left;\">5. Conta-nos uma pequena hist\u00f3ria sobre a tua obra de arte, para podermos criar uma bela cole\u00e7\u00e3o final com personalidade e significado para o oceano.<br \/><\/span><span style=\"color: #ffffff; font-size: 14px; text-align: left;\">6. Aguarda at\u00e9 ao final da semana, participa no processo de sele\u00e7\u00e3o p\u00fablico e aguarda o an\u00fancio do j\u00fari.<br \/><\/span><span style=\"color: #ffffff; font-size: 14px; text-align: left;\">7. Ganha pr\u00e9mios e testemunha como, juntos, criamos uma bela cole\u00e7\u00e3o de sensibiliza\u00e7\u00e3o!<\/span><\/p>\n<p style=\"text-align: justify;\"><span style=\"color: #ffffff;\"><b>Todos s\u00e3o vencedores! <\/b><span style=\"font-weight: 400;\">N\u00e3o organizamos este desafio para competir, mas sim para dar mais import\u00e2ncia \u00e0 sensibiliza\u00e7\u00e3o enquanto coletivo. Todos s\u00e3o vencedores para o oceano, para o planeta e, felizmente, a arte \u00e9 subjetiva!<\/span><\/span><\/p>\n<p style=\"text-align: center;\"><span style=\"color: #ffffff;\"><b>Os pr\u00e9mios:<\/b><\/span><span style=\"color: #ffffff;\"><b><\/b><\/span><\/p>\n<p style=\"text-align: left;\"><span style=\"color: #ffffff;\">1. <\/span><span style=\"color: #ffffff; font-size: 14px; text-align: left;\">A rede de desperd\u00edcio zero em Portugal ser\u00e1 promovida com este projeto. Em p\u00e1ginas como &#8220;agranel.pt&#8221; ou &#8220;mypeggada.com&#8221;, podem ser encontradas alternativas sustent\u00e1veis para o nosso quotidiano. Os vencedores receber\u00e3o vales para a loja de desperd\u00edcio zero da sua escolha na sua \u00e1rea.<br \/>2. <\/span><span style=\"color: #ffffff; font-size: 14px; text-align: left;\">Um trof\u00e9u ser\u00e1 criado a partir de pl\u00e1stico do oceano, que passar\u00e1 de ano para ano para o vencedor dos pr\u00e9mios, criando um ambiente comunit\u00e1rio divertido.<br \/><\/span><span style=\"color: #ffffff; font-size: 14px; text-align: left;\">3. Se o vale n\u00e3o for utilizado, a mesma quantia em dinheiro poder\u00e1 ser escolhida para ser doada a uma ONG \u00e0 escolha do vencedor.<\/span><\/p>\n<p style=\"text-align: justify;\"><span style=\"font-weight: 400; color: #ffffff;\">Se tivermos lojas de desperd\u00edcio zero que queiram oferecer pr\u00e9mios ou se tivermos o p\u00fablico em geral ou empresas que queiram doar para aumentar o valor da doa\u00e7\u00e3o \u00e0 ONG, est\u00e3o convidados a contactar a Equipa The Trash Traveler.<\/span><\/p>\n<p style=\"text-align: center;\"><span style=\"color: #ffffff;\"><b>Um resumo dos projetos do &#8220;The Trash Traveler&#8221; dos \u00faltimos 4 anos, <\/b><b><br \/><\/b><b>com imagens de alta qualidade, pode ser encontrado aqui:<br \/><\/b><\/span><span style=\"color: #ffffff;\"><a href=\"https:\/\/drive.google.com\/file\/d\/1Ym_xvZs_NmnDvBUwF4Es_sOgpSa90Uj8\/view\" style=\"color: #ffffff;\"><b>https:\/\/drive.google.com\/file\/d\/1Ym_xvZs_NmnDvBUwF4Es_sOgpSa90Uj8\/view<\/b><\/a><\/span><\/p>\n<p style=\"text-align: center;\"><span style=\"color: #ffffff;\"><b>A\u00e7\u00f5es de Limpeza com equipa The Trash Traveler\u00a0<\/b><\/span><\/p>\n<p style=\"text-align: center;\"><span style=\"font-weight: 400; color: #ffffff;\">16 SETEMBRO &#8211; 16H30 &#8211; Costa da Caparica<br \/><\/span><span style=\"color: #ffffff;\"><span style=\"font-weight: 400;\">17 SETEMBRO &#8211; 14H30 &#8211; Costa da Caparica<\/span><span style=\"font-weight: 400;\"><br \/><\/span><span style=\"font-weight: 400;\">20 SETEMBRO &#8211; 18H &#8211; Alg\u00e9s<\/span><\/span><\/p>\n<p style=\"text-align: center;\"><span style=\"color: #ffffff;\"><b>(Mais informa\u00e7\u00f5es \/ mais a\u00e7\u00f5es nas Redes Sociais)<\/b><\/span><\/p>\n<p style=\"text-align: center;\"><span style=\"color: #ffffff;\"><span style=\"font-weight: 400;\">PRINCIPAIS PARCEIROS:<\/span><span style=\"font-weight: 400;\"><br \/><\/span><a href=\"https:\/\/www.instagram.com\/weare_novomundo\/?hl=pt\" style=\"color: #ffffff;\"><span style=\"font-weight: 400;\">Associa\u00e7\u00e3o Novo Mundo Azul<\/span><\/a><\/span><\/p>\n<p style=\"text-align: center;\"><span style=\"color: #ffffff;\">World Clean Up Day \/ Dia Internacional de Limpeza<br \/>promovido por WorldCleanUpDay.com \/ Comissao Europeia (pt) \/<br \/>Parl. Europeu Portugal \/ Oceano Azul Foundation<\/span><\/p>\n<p>&nbsp;<\/p>\n<p style=\"text-align: center;\"><span style=\"color: #ffffff;\"><b>Atualiza\u00e7\u00f5es di\u00e1rias em:<\/b><\/span><\/p>\n<p style=\"text-align: center;\"><span style=\"color: #ffffff;\"><b>https:\/\/www.instagram.com\/thetrashtraveler<\/b><\/span><\/p>\n<p style=\"text-align: center;\"><span style=\"color: #ffffff;\"><b>https:\/\/www.facebook.com\/thetrashtraveler1<\/b><\/span><\/p>\n<p style=\"text-align: center;\"><span style=\"color: #ffffff;\"><b>https:\/\/thetrashtraveler.org\/<\/b><\/span><\/p>\n<p style=\"text-align: center;\"><span style=\"font-weight: 400; color: #ffffff;\">\u00a0<\/span><\/p>\n<p style=\"text-align: center;\"><span style=\"font-weight: 400; color: #ffffff;\">MAIS INFORMA\u00c7\u00d5ES:\u00a0<\/span><\/p>\n<p style=\"text-align: center;\"><span style=\"font-weight: 400; color: #ffffff;\">Andreas Noe ||\u00a0 thetrashtravelerteam@gmail.com || +49 1573 5344676<\/span><\/p>\n<p>[\/et_pb_text][\/et_pb_column][\/et_pb_row][\/et_pb_section][et_pb_section fb_built=&#8221;1&#8243; admin_label=&#8221;ARTISTS PRESENTATION&#8221; _builder_version=&#8221;4.16&#8243; _module_preset=&#8221;default&#8221; background_image=&#8221;https:\/\/thetrashtraveler.org\/wp-content\/uploads\/2021\/05\/FUNDO.png&#8221; global_colors_info=&#8221;{}&#8221;][\/et_pb_section]<\/p>\n","protected":false},"excerpt":{"rendered":"<p>VAMOS CRIAR CONSCI\u00caNCIA COM CRIATIVIDADE NO DIA INTERNACIONAL DE LIMPEZA?THE TRASH ART AWARDS &#8211; faz o bem e ganha pr\u00e9mios!O ativista &#8220;The Trash Traveler&#8221; convida todos a celebrarem o \u201cDia [&hellip;]<\/p>\n","protected":false},"author":2,"featured_media":0,"parent":0,"menu_order":0,"comment_status":"closed","ping_status":"closed","template":"","meta":{"_et_pb_use_builder":"on","_et_pb_old_content":"<!-- wp:divi\/placeholder \/-->","_et_gb_content_width":"","footnotes":""},"folder":[21],"class_list":["post-1556","page","type-page","status-publish","hentry"],"_links":{"self":[{"href":"https:\/\/thetrashtraveler.org\/pt\/wp-json\/wp\/v2\/pages\/1556","targetHints":{"allow":["GET"]}}],"collection":[{"href":"https:\/\/thetrashtraveler.org\/pt\/wp-json\/wp\/v2\/pages"}],"about":[{"href":"https:\/\/thetrashtraveler.org\/pt\/wp-json\/wp\/v2\/types\/page"}],"author":[{"embeddable":true,"href":"https:\/\/thetrashtraveler.org\/pt\/wp-json\/wp\/v2\/users\/2"}],"replies":[{"embeddable":true,"href":"https:\/\/thetrashtraveler.org\/pt\/wp-json\/wp\/v2\/comments?post=1556"}],"version-history":[{"count":38,"href":"https:\/\/thetrashtraveler.org\/pt\/wp-json\/wp\/v2\/pages\/1556\/revisions"}],"predecessor-version":[{"id":6003,"href":"https:\/\/thetrashtraveler.org\/pt\/wp-json\/wp\/v2\/pages\/1556\/revisions\/6003"}],"wp:attachment":[{"href":"https:\/\/thetrashtraveler.org\/pt\/wp-json\/wp\/v2\/media?parent=1556"}],"wp:term":[{"taxonomy":"folder","embeddable":true,"href":"https:\/\/thetrashtraveler.org\/pt\/wp-json\/wp\/v2\/folder?post=1556"}],"curies":[{"name":"wp","href":"https:\/\/api.w.org\/{rel}","templated":true}]}}