{"id":3243,"date":"2021-06-15T07:41:25","date_gmt":"2021-06-15T07:41:25","guid":{"rendered":"https:\/\/theplastichike.org\/?page_id=3243"},"modified":"2024-12-23T14:28:18","modified_gmt":"2024-12-23T14:28:18","slug":"babsie","status":"publish","type":"page","link":"https:\/\/thetrashtraveler.org\/pt\/babsie\/","title":{"rendered":"Babsie"},"content":{"rendered":"\n[et_pb_section fb_built=&#8221;1&#8243; admin_label=&#8221;Our Mission Section&#8221; _builder_version=&#8221;4.9.7&#8243; background_color=&#8221;RGBA(0,0,0,0)&#8221; background_image=&#8221;https:\/\/thetrashtraveler.org\/wp-content\/uploads\/2021\/06\/sobre-pc-1.png&#8221; background_position=&#8221;top_center&#8221; height=&#8221;1100px&#8221; height_tablet=&#8221;&#8221; height_phone=&#8221;&#8221; height_last_edited=&#8221;on|phone&#8221; max_height=&#8221;1100px&#8221; custom_margin=&#8221;-430px||||false|false&#8221; custom_margin_tablet=&#8221;&#8221; custom_margin_phone=&#8221;-100px||||false|false&#8221; custom_margin_last_edited=&#8221;on|desktop&#8221; custom_padding=&#8221;100px||100px|&#8221; background_last_edited=&#8221;on|desktop&#8221; background_image_phone=&#8221;https:\/\/thetrashtraveler.org\/wp-content\/uploads\/2021\/06\/SOBRE-MOBILE.png&#8221; background_enable_image_phone=&#8221;on&#8221; collapsed=&#8221;off&#8221;][et_pb_row admin_label=&#8221;Our Mission Area&#8221; _builder_version=&#8221;4.9.7&#8243; width=&#8221;51%&#8221; width_tablet=&#8221;&#8221; width_phone=&#8221;90%&#8221; width_last_edited=&#8221;on|phone&#8221; custom_margin=&#8221;430px||||false|false&#8221; custom_margin_tablet=&#8221;0px||||false|false&#8221; custom_margin_phone=&#8221;70px||||false|false&#8221; custom_margin_last_edited=&#8221;on|tablet&#8221;][et_pb_column type=&#8221;4_4&#8243; _builder_version=&#8221;4.9.6&#8243; custom_padding=&#8221;|||&#8221; custom_padding__hover=&#8221;|||&#8221;][et_pb_text admin_label=&#8221;Title&#8221; _builder_version=&#8221;4.9.7&#8243; _module_preset=&#8221;4dd27e1d-2840-4b30-bb58-2ceab00c2e2e&#8221; text_font_size=&#8221;25px&#8221; header_font=&#8221;||||||||&#8221; header_2_font=&#8221;Lato||||||||&#8221; header_2_font_size=&#8221;36px&#8221; header_2_line_height=&#8221;1.5em&#8221; module_alignment=&#8221;center&#8221; custom_margin=&#8221;||30px||false|false&#8221; custom_padding=&#8221;|||&#8221; animation_direction=&#8221;left&#8221;]<p style=\"text-align: center;\">A nossa miss\u00e3o<\/p>[\/et_pb_text][et_pb_text content_tablet=&#8221;&#8221; content_phone=&#8221;<p><span style=%22font-weight: 400;%22>More than 8 million tons of plastic enter the ocean yearly.<\/span><br \/><span style=%22font-weight: 400;%22>Micro plastic has been found in our drinking water, food and even in the human placenta. Plastic affects our daily life directly. A <strong>collective of artists, associations and environmentalists came together<\/strong> to raise their voices for this urgent problem: <\/span><span style=%22font-weight: 400;%22><strong>THE PLASTIC HIKE INITIATIVE<\/strong>.<\/span><\/p>\n<p><span style=%22font-weight: 400;%22>To get the plastic pollution problem under control, our acts matter. It\u2019s not only about cleaning the beaches. It\u2019s not only about recycling. Too much trash is produced to be handled efficiently.<\/span><\/p>\n<p><span style=%22font-weight: 400;%22><strong>REFUSE<\/strong> single use plastic.<\/span><br \/><span style=%22font-weight: 400;%22><strong>REDUCE<\/strong> packaging.<\/span><br \/><span style=%22font-weight: 400;%22><strong>REUSE<\/strong> as much as you can to avoid buying new.<\/span><\/p>\n<p><span style=%22font-weight: 400;%22>Let\u2019s be inspired by the different works of artists, associations and environmentalists to rethink and change our consumption habits and lifestyles. Together, we can raise awareness to protect our oceans. <\/span><br \/><span style=%22font-weight: 400;%22><strong>Let\u2019s learn from each other and ACT NOW!<\/strong> <\/span><\/p>&#8221; content_last_edited=&#8221;on|desktop&#8221; _builder_version=&#8221;4.9.7&#8243; _module_preset=&#8221;92a8c64c-048b-49bd-befb-ae63167bb719&#8243;]<span style=\"font-weight: 400;\">Todos os anos, mais de 8 milh\u00f5es de toneladas de pl\u00e1stico entram nos oceanos.\u00a0<\/span>\n<span style=\"font-weight: 400;\">J\u00e1 foram encontrados micropl\u00e1sticos na \u00e1gua pot\u00e1vel, na comida e ainda em placentas humanas. O pl\u00e1stico afeta o nosso dia a dia de forma direta. Um grupo de artistas, associa\u00e7\u00f5es e ambientalistas juntaram-se para elevar a sua voz por esta crise: <\/span><b>a iniciativa The Plastic Hike<\/b><span style=\"font-weight: 400;\">.\u00a0<\/span>\n\n<span style=\"font-weight: 400;\">Para resolver a polui\u00e7\u00e3o provocada pelo pl\u00e1stico, todas as a\u00e7\u00f5es contam. N\u00e3o basta limpar as praias. J\u00e1 n\u00e3o chega reciclar. Atualmente, produzimos demasiado lixo para ser tratado de forma eficiente.\u00a0<\/span>\n\n<b>RECUSA<\/b><span style=\"font-weight: 400;\"> pl\u00e1stico descart\u00e1vel\u00a0<\/span>\n<b>REDUZ<\/b><span style=\"font-weight: 400;\"> o uso de embalagens\u00a0<\/span>\n<b>REUTILIZA<\/b><span style=\"font-weight: 400;\"> o m\u00e1ximo poss\u00edvel e evita comprar novo\u00a0<\/span>\n\n<span style=\"font-weight: 400;\">Deixa-te inspirar pelas diferentes pe\u00e7as de arte. Repensa, muda os teus h\u00e1bitos de consumo e estilo de vida. Juntos conseguimos inspirar mais pessoas a proteger os nossos Oceanos. <\/span><b><\/b>\n<b>Vamos aprender em conjunto e AGIR AGORA!<\/b>[\/et_pb_text][\/et_pb_column][\/et_pb_row][\/et_pb_section][et_pb_section fb_built=&#8221;1&#8243; admin_label=&#8221;THE TRASH TRAVELER&#8221; _builder_version=&#8221;4.9.4&#8243; background_image=&#8221;https:\/\/thetrashtraveler.org\/wp-content\/uploads\/2021\/05\/FUNDO.png&#8221; custom_padding=&#8221;0px||0px||false|false&#8221; collapsed=&#8221;on&#8221;][et_pb_row column_structure=&#8221;1_2,1_2&#8243; admin_label=&#8221;Description&#8221; _builder_version=&#8221;4.9.6&#8243; width=&#8221;60%&#8221; width_tablet=&#8221;&#8221; width_phone=&#8221;80%&#8221; width_last_edited=&#8221;on|phone&#8221;][et_pb_column type=&#8221;1_2&#8243; _builder_version=&#8221;4.9.4&#8243; custom_padding=&#8221;|||&#8221; custom_padding__hover=&#8221;|||&#8221;][et_pb_video src=&#8221;https:\/\/thetrashtraveler.org\/wp-content\/uploads\/2021\/06\/TheButtManPortuguese.mp4&#8243; _builder_version=&#8221;4.9.6&#8243; _module_preset=&#8221;default&#8221;][\/et_pb_video][\/et_pb_column][et_pb_column type=&#8221;1_2&#8243; _builder_version=&#8221;3.25&#8243; custom_padding=&#8221;|||&#8221; custom_padding__hover=&#8221;|||&#8221;][et_pb_text admin_label=&#8221;Title&#8221; _builder_version=&#8221;4.9.6&#8243; _module_preset=&#8221;4dd27e1d-2840-4b30-bb58-2ceab00c2e2e&#8221; header_font=&#8221;||||||||&#8221; header_2_font=&#8221;Lato||||||||&#8221; header_2_font_size=&#8221;36px&#8221; header_2_line_height=&#8221;1.5em&#8221; module_alignment=&#8221;center&#8221; custom_margin=&#8221;||15px|&#8221; custom_padding=&#8221;|||&#8221; animation_direction=&#8221;left&#8221; text_orientation_tablet=&#8221;&#8221; text_orientation_phone=&#8221;center&#8221; text_orientation_last_edited=&#8221;on|phone&#8221;]<p>The Trash Traveler<\/p>[\/et_pb_text][et_pb_text _builder_version=&#8221;4.9.7&#8243; _module_preset=&#8221;b7b237a2-565c-4889-ab2f-f8cd1d74ee22&#8243;]<p><span style=\"font-weight: 400;\">Andreas Noe nasceu na Alemanha e \u00e9 bi\u00f3logo molecular. Em 2018, veio para Portugal surfar nas praias de Lisboa, mas n\u00e3o conseguia desviar o olhar de todo o pl\u00e1stico. As praias polu\u00eddas fizeram-no abandonar a carreira biom\u00e9dica e come\u00e7ar uma jornada de conscientiza\u00e7\u00e3o, com divers\u00e3o e positividade. O seu primeiro projeto \u201cThe Travel Trash\u201d deu origem a 160 can\u00e7\u00f5es com ukulele e v\u00eddeos sobre o lixo, e permitiu remover quase 1 tonelada de pl\u00e1stico das praias ao longo da costa portuguesa.<\/span><\/p>[\/et_pb_text][\/et_pb_column][\/et_pb_row][\/et_pb_section][et_pb_section fb_built=&#8221;1&#8243; admin_label=&#8221;THE PLASTIC HIKE&#8221; _builder_version=&#8221;4.9.4&#8243; background_image=&#8221;https:\/\/thetrashtraveler.org\/wp-content\/uploads\/2021\/05\/FUNDO.png&#8221; custom_padding=&#8221;0px||0px||false|false&#8221; collapsed=&#8221;on&#8221;][et_pb_row column_structure=&#8221;1_2,1_2&#8243; admin_label=&#8221;Description&#8221; _builder_version=&#8221;4.9.6&#8243; width=&#8221;60%&#8221; width_tablet=&#8221;&#8221; width_phone=&#8221;80%&#8221; width_last_edited=&#8221;on|phone&#8221; max_width_last_edited=&#8221;off|phone&#8221;][et_pb_column type=&#8221;1_2&#8243; _builder_version=&#8221;3.25&#8243; custom_padding=&#8221;|||&#8221; custom_padding__hover=&#8221;|||&#8221;][et_pb_image src=&#8221;https:\/\/thetrashtraveler.org\/wp-content\/uploads\/2021\/06\/PIC_2020_10_11_15_53_09_20201012123936-26_screenshot_2020-10-12-13-11-10-edit-01-scaled.jpeg&#8221; title_text=&#8221;PIC_2020_10_11_15_53_09_20201012123936-26_screenshot_2020-10-12 13-11-10 edit-01&#8243; align_tablet=&#8221;center&#8221; align_phone=&#8221;&#8221; align_last_edited=&#8221;on|desktop&#8221; _builder_version=&#8221;4.9.6&#8243;][\/et_pb_image][\/et_pb_column][et_pb_column type=&#8221;1_2&#8243; _builder_version=&#8221;3.25&#8243; custom_padding=&#8221;|||&#8221; custom_padding__hover=&#8221;|||&#8221;][et_pb_text admin_label=&#8221;Title&#8221; _builder_version=&#8221;4.9.6&#8243; _module_preset=&#8221;4dd27e1d-2840-4b30-bb58-2ceab00c2e2e&#8221; header_font=&#8221;||||||||&#8221; header_2_font=&#8221;Lato||||||||&#8221; header_2_font_size=&#8221;36px&#8221; header_2_line_height=&#8221;1.5em&#8221; module_alignment=&#8221;center&#8221; custom_margin=&#8221;||15px|&#8221; custom_padding=&#8221;|||&#8221; animation_direction=&#8221;left&#8221; text_orientation_tablet=&#8221;&#8221; text_orientation_phone=&#8221;center&#8221; text_orientation_last_edited=&#8221;on|phone&#8221;]<p>The Plastic Hike<\/p>[\/et_pb_text][et_pb_text _builder_version=&#8221;4.9.7&#8243; _module_preset=&#8221;b7b237a2-565c-4889-ab2f-f8cd1d74ee22&#8243;]<p><span style=\"font-weight: 400;\">Durante o confinamento de 2020, o Andreas percebeu que temos que aprender e consciencializar em conjunto &#8211; n\u00e3o sozinhos. Por isso, decidiu caminhar os 832 km da costa de Portugal, para conhecer ONGs, iniciativas e ambientalistas. Foi assim que come\u00e7ou o \u201cThe Plastic Hike\u201d.<\/span><\/p>\n<p><span style=\"font-weight: 400;\">Ao longo de 58 dias a caminhar na areia sem parar, o Andreas encontrou-se com 560 pessoas para apanhar 1,6 toneladas de pl\u00e1stico e conscientizar em conjunto com a comunidade. As praias est\u00e3o limpas agora? N\u00e3o, porque n\u00e3o se trata de limpeza! \u201cThe Plastic Hike\u201d deve ser interpretado como uma \u201ccaminhada\u201d de constante aprendizagem e melhoria. Vamos caminhar juntos para salvar o Oceano.<\/span><\/p>[\/et_pb_text][\/et_pb_column][\/et_pb_row][et_pb_row admin_label=&#8221;Video&#8221; _builder_version=&#8221;4.9.4&#8243; width_tablet=&#8221;&#8221; width_phone=&#8221;100%&#8221; width_last_edited=&#8221;on|phone&#8221;][et_pb_column type=&#8221;4_4&#8243; _builder_version=&#8221;3.25&#8243; custom_padding=&#8221;|||&#8221; custom_padding__hover=&#8221;|||&#8221;][et_pb_image align_tablet=&#8221;center&#8221; align_phone=&#8221;&#8221; align_last_edited=&#8221;on|desktop&#8221; _builder_version=&#8221;3.23&#8243;][\/et_pb_image][\/et_pb_column][\/et_pb_row][\/et_pb_section][et_pb_section fb_built=&#8221;1&#8243; admin_label=&#8221;TEAM&#8221; _builder_version=&#8221;4.9.4&#8243; background_image=&#8221;https:\/\/thetrashtraveler.org\/wp-content\/uploads\/2021\/05\/FUNDO.png&#8221; background_position=&#8221;top_center&#8221; custom_margin_tablet=&#8221;&#8221; custom_margin_phone=&#8221;&#8221; custom_margin_last_edited=&#8221;on|desktop&#8221; custom_padding=&#8221;||||false|false&#8221;][et_pb_row admin_label=&#8221;Title Area&#8221; _builder_version=&#8221;3.25&#8243; background_size=&#8221;initial&#8221; background_position=&#8221;center_left&#8221; custom_padding=&#8221;|||&#8221;][et_pb_column type=&#8221;4_4&#8243; _builder_version=&#8221;3.25&#8243; custom_padding=&#8221;|||&#8221; custom_padding__hover=&#8221;|||&#8221;][et_pb_text admin_label=&#8221;Title&#8221; _builder_version=&#8221;4.9.7&#8243; _module_preset=&#8221;4dd27e1d-2840-4b30-bb58-2ceab00c2e2e&#8221; header_font=&#8221;||||||||&#8221; header_2_font=&#8221;Poppins|600|||||||&#8221; header_2_text_align=&#8221;center&#8221; header_2_font_size=&#8221;36px&#8221; header_2_line_height=&#8221;1.4em&#8221; text_orientation=&#8221;center&#8221; max_width=&#8221;550px&#8221; module_alignment=&#8221;center&#8221; custom_margin=&#8221;||10px|&#8221; animation_style=&#8221;slide&#8221; animation_direction=&#8221;top&#8221; animation_intensity_slide=&#8221;10%&#8221; animation_starting_opacity=&#8221;100%&#8221; text_orientation_tablet=&#8221;&#8221; text_orientation_phone=&#8221;&#8221; text_orientation_last_edited=&#8221;on|phone&#8221; locked=&#8221;off&#8221;]<p>A equipa<\/p>[\/et_pb_text][et_pb_text admin_label=&#8221;Title&#8221; _builder_version=&#8221;4.9.7&#8243; _module_preset=&#8221;b7b237a2-565c-4889-ab2f-f8cd1d74ee22&#8243; header_font=&#8221;||||||||&#8221; header_2_font=&#8221;Poppins|600|||||||&#8221; header_2_text_align=&#8221;center&#8221; header_2_font_size=&#8221;36px&#8221; header_2_line_height=&#8221;1.4em&#8221; text_orientation=&#8221;center&#8221; max_width=&#8221;550px&#8221; max_width_tablet=&#8221;&#8221; max_width_phone=&#8221;&#8221; max_width_last_edited=&#8221;on|phone&#8221; module_alignment=&#8221;center&#8221; custom_margin=&#8221;||10px|&#8221; animation_direction=&#8221;top&#8221; scroll_vertical_motion_enable=&#8221;off&#8221; text_font_size_tablet=&#8221;&#8221; text_font_size_phone=&#8221;&#8221; text_font_size_last_edited=&#8221;on|desktop&#8221; text_orientation_tablet=&#8221;&#8221; text_orientation_phone=&#8221;justified&#8221; text_orientation_last_edited=&#8221;on|phone&#8221; locked=&#8221;off&#8221;]<p><span style=\"font-weight: 400;\">O projeto \u201cThe Plastic Hike\u201d come\u00e7ou com uma pessoa, e evoluiu para um projeto de grupo, formado por pessoas que cuidam e lutam por um planeta melhor. Todos os membros da equipa se conheceram durante o \u201cThe Plastic Hike\u201d\u00a0 e decidiram unir for\u00e7as.<\/span><\/p>[\/et_pb_text][\/et_pb_column][\/et_pb_row][et_pb_row column_structure=&#8221;1_4,1_4,1_4,1_4&#8243; admin_label=&#8221;Members&#8221; _builder_version=&#8221;4.9.4&#8243;][et_pb_column type=&#8221;1_4&#8243; _builder_version=&#8221;3.25&#8243; custom_padding=&#8221;|||&#8221; custom_padding__hover=&#8221;|||&#8221;][et_pb_team_member name=&#8221;Camera With No Name&#8221; image_url=&#8221;https:\/\/thetrashtraveler.org\/wp-content\/uploads\/2021\/07\/CWNN.png&#8221; _builder_version=&#8221;4.9.10&#8243; header_level=&#8221;h1&#8243; header_font=&#8221;Abel||||||||&#8221; header_text_align=&#8221;center&#8221; header_text_color=&#8221;#FFFFFF&#8221; header_font_size=&#8221;19px&#8221; header_letter_spacing=&#8221;2px&#8221; header_line_height=&#8221;1.7em&#8221; body_font=&#8221;Abel||||||||&#8221; body_text_align=&#8221;left&#8221; body_text_color=&#8221;#D6D6D6&#8243; body_font_size=&#8221;15px&#8221; hover_enabled=&#8221;0&#8243; title_text=&#8221;CWNN&#8221; sticky_enabled=&#8221;0&#8243;]<p style=\"text-align: justify;\"><span style=\"font-weight: 400;\">A Carolina e o Augusto juntaram-se ao \u201cThe Plastic Hike\u201d durante os seus 58 dias, atr\u00e1s das suas c\u00e2maras. Filmaram e editaram o document\u00e1rio durante o inverno, para apresentar agora um <\/span><span style=\"font-weight: 400;\">document\u00e1rio comunit\u00e1rio e educativo<\/span><span style=\"font-weight: 400;\">. Para al\u00e9m disso, tamb\u00e9m acreditam que precisamos de um tempo longe dos ecr\u00e3s para criar rela\u00e7\u00f5es, aprender e ser saud\u00e1veis. Por essa raz\u00e3o, s\u00e3o os pioneiros dos nossos workshops de jogos de tabuleiro que v\u00e3o decorrer ao longo da costa de Portugal, em paralelo com as exibi\u00e7\u00f5es do document\u00e1rio. Joga conosco!<\/span><\/p>[\/et_pb_team_member][\/et_pb_column][et_pb_column type=&#8221;1_4&#8243; _builder_version=&#8221;3.25&#8243; custom_padding=&#8221;|||&#8221; custom_padding__hover=&#8221;|||&#8221;][et_pb_team_member name=&#8221;Ana Rita Seir\u00f4co&#8221; image_url=&#8221;https:\/\/thetrashtraveler.org\/wp-content\/uploads\/2021\/07\/Ana.png&#8221; _builder_version=&#8221;4.9.10&#8243; header_level=&#8221;h1&#8243; header_font=&#8221;Abel||||||||&#8221; header_text_align=&#8221;center&#8221; header_text_color=&#8221;#FFFFFF&#8221; header_font_size=&#8221;19px&#8221; header_letter_spacing=&#8221;2px&#8221; header_line_height=&#8221;1.7em&#8221; body_font=&#8221;Abel||||||||&#8221; body_text_align=&#8221;left&#8221; body_text_color=&#8221;#D6D6D6&#8243; body_font_size=&#8221;15px&#8221; custom_padding=&#8221;0px|||||&#8221; hover_enabled=&#8221;0&#8243; title_text=&#8221;Ana&#8221; sticky_enabled=&#8221;0&#8243;]<p style=\"text-align: justify;\"><span style=\"font-weight: 400;\">Ana Rita abriu os bra\u00e7os e acolheu o projeto \u201cThe Plastic Hike\u201d na sua \u201cAssocia\u00e7\u00e3o Novo Mundo Azul\u201d. Estamos a trabalhar neste projeto por uma boa causa e acreditamos que fazer parte de uma associa\u00e7\u00e3o \u00e9 essencial.<\/span><\/p>[\/et_pb_team_member][\/et_pb_column][et_pb_column type=&#8221;1_4&#8243; _builder_version=&#8221;3.25&#8243; custom_padding=&#8221;|||&#8221; custom_padding__hover=&#8221;|||&#8221;][et_pb_team_member name=&#8221;Marisa Matos&#8221; image_url=&#8221;https:\/\/thetrashtraveler.org\/wp-content\/uploads\/2021\/06\/Marisa.jpg&#8221; _builder_version=&#8221;4.9.7&#8243; header_level=&#8221;h1&#8243; header_font=&#8221;Abel||||||||&#8221; header_text_align=&#8221;center&#8221; header_text_color=&#8221;#FFFFFF&#8221; header_font_size=&#8221;19px&#8221; header_letter_spacing=&#8221;2px&#8221; header_line_height=&#8221;1.7em&#8221; body_font=&#8221;Abel||||||||&#8221; body_text_align=&#8221;left&#8221; body_text_color=&#8221;#D6D6D6&#8243; body_font_size=&#8221;15px&#8221; custom_padding=&#8221;0px|||||&#8221;]<p style=\"text-align: justify;\"><span style=\"font-weight: 400;\">Tamb\u00e9m conhecida como @EcoSensata, \u00e9 uma ambientalista com \u00f3timas dicas. Ajuda com a gest\u00e3o do projeto, organiza\u00e7\u00e3o, trabalha com os artistas e d\u00e1 as suas sugest\u00f5es ecol\u00f3gicas sempre que pode.<\/span><\/p>[\/et_pb_team_member][\/et_pb_column][et_pb_column type=&#8221;1_4&#8243; _builder_version=&#8221;3.25&#8243; custom_padding=&#8221;|||&#8221; custom_padding__hover=&#8221;|||&#8221;][et_pb_team_member name=&#8221;Raquel Lima&#8221; image_url=&#8221;https:\/\/thetrashtraveler.org\/wp-content\/uploads\/2021\/07\/Raquel_.png&#8221; _builder_version=&#8221;4.9.10&#8243; header_level=&#8221;h1&#8243; header_font=&#8221;Abel||||||||&#8221; header_text_align=&#8221;center&#8221; header_text_color=&#8221;#FFFFFF&#8221; header_font_size=&#8221;19px&#8221; header_letter_spacing=&#8221;2px&#8221; header_line_height=&#8221;1.7em&#8221; body_font=&#8221;Abel||||||||&#8221; body_text_align=&#8221;left&#8221; body_text_color=&#8221;#D6D6D6&#8243; body_font_size=&#8221;15px&#8221; custom_padding=&#8221;0px|||||&#8221; hover_enabled=&#8221;0&#8243; title_text=&#8221;Raquel_&#8221; sticky_enabled=&#8221;0&#8243;]<p style=\"text-align: justify;\"><span style=\"font-weight: 400;\">O c\u00e9rebro incr\u00edvel por detr\u00e1s deste site e da fonte dos micropl\u00e1sticos. Para al\u00e9m disso, ajuda na gest\u00e3o do projeto,<\/span><span style=\"font-weight: 400;\"> estabelecendo rela\u00e7\u00f5es<\/span><span style=\"font-weight: 400;\"> com os artistas e associa\u00e7\u00f5es.<\/span><\/p>[\/et_pb_team_member][\/et_pb_column][\/et_pb_row][et_pb_row column_structure=&#8221;1_4,1_4,1_4,1_4&#8243; admin_label=&#8221;Members&#8221; _builder_version=&#8221;4.9.4&#8243;][et_pb_column type=&#8221;1_4&#8243; _builder_version=&#8221;3.25&#8243; custom_padding=&#8221;|||&#8221; custom_padding__hover=&#8221;|||&#8221;][et_pb_team_member name=&#8221;Marta Ribeiro&#8221; image_url=&#8221;https:\/\/thetrashtraveler.org\/wp-content\/uploads\/2021\/06\/8c1dbf92-86cd-449b-b4f6-bede3d7c3530.jpg&#8221; _builder_version=&#8221;4.9.7&#8243; header_level=&#8221;h1&#8243; header_font=&#8221;Abel||||||||&#8221; header_text_align=&#8221;center&#8221; header_text_color=&#8221;#FFFFFF&#8221; header_font_size=&#8221;19px&#8221; header_letter_spacing=&#8221;2px&#8221; header_line_height=&#8221;1.7em&#8221; body_font=&#8221;Abel||||||||&#8221; body_text_align=&#8221;left&#8221; body_text_color=&#8221;#D6D6D6&#8243; body_font_size=&#8221;15px&#8221;]<p style=\"text-align: justify;\"><span style=\"font-weight: 400;\">Outro ser humano consciente que cuida do nosso planeta. D\u00e1 o seu apoio a partir do Luxemburgo, e est\u00e1 sempre presente para impulsionar o projeto e preparar a exposi\u00e7\u00e3o.<\/span><\/p>[\/et_pb_team_member][\/et_pb_column][et_pb_column type=&#8221;1_4&#8243; _builder_version=&#8221;3.25&#8243; custom_padding=&#8221;|||&#8221; custom_padding__hover=&#8221;|||&#8221;][et_pb_team_member name=&#8221;Catarina Rodrigues&#8221; image_url=&#8221;https:\/\/thetrashtraveler.org\/wp-content\/uploads\/2021\/07\/Catarina-q.png&#8221; _builder_version=&#8221;4.9.10&#8243; header_level=&#8221;h1&#8243; header_font=&#8221;Abel||||||||&#8221; header_text_align=&#8221;center&#8221; header_text_color=&#8221;#FFFFFF&#8221; header_font_size=&#8221;19px&#8221; header_letter_spacing=&#8221;2px&#8221; header_line_height=&#8221;1.7em&#8221; body_font=&#8221;Abel||||||||&#8221; body_text_align=&#8221;left&#8221; body_text_color=&#8221;#D6D6D6&#8243; body_font_size=&#8221;15px&#8221; custom_padding=&#8221;0px|||||&#8221; hover_enabled=&#8221;0&#8243; title_text=&#8221;Catarina q&#8221; sticky_enabled=&#8221;0&#8243;]<p style=\"text-align: justify;\"><span style=\"font-weight: 400;\">Uma nutricionista com uma horta biol\u00f3gica que ajuda na gest\u00e3o do projeto, financiamento e organiza\u00e7\u00e3o no seu tempo livre. Os artistas ficam felizes quando um ser humano incr\u00edvel <\/span><span style=\"font-weight: 400;\">cuida deles. <\/span><\/p>[\/et_pb_team_member][\/et_pb_column][et_pb_column type=&#8221;1_4&#8243; _builder_version=&#8221;3.25&#8243; custom_padding=&#8221;|||&#8221; custom_padding__hover=&#8221;|||&#8221;][et_pb_team_member name=&#8221;Gon\u00e7alo Gon\u00e7alves&#8221; image_url=&#8221;https:\/\/thetrashtraveler.org\/wp-content\/uploads\/2021\/07\/Goncalo.png&#8221; _builder_version=&#8221;4.9.10&#8243; header_level=&#8221;h1&#8243; header_font=&#8221;Abel||||||||&#8221; header_text_align=&#8221;center&#8221; header_text_color=&#8221;#FFFFFF&#8221; header_font_size=&#8221;19px&#8221; header_letter_spacing=&#8221;2px&#8221; header_line_height=&#8221;1.7em&#8221; body_font=&#8221;Abel||||||||&#8221; body_text_align=&#8221;left&#8221; body_text_color=&#8221;#D6D6D6&#8243; body_font_size=&#8221;15px&#8221; custom_padding=&#8221;0px|||||&#8221; hover_enabled=&#8221;0&#8243; title_text=&#8221;Gon\u00e7alo&#8221; sticky_enabled=&#8221;0&#8243;]<p><span style=\"font-weight: 400;\">O c\u00e9rebro de toda a log\u00edstica e apoio ao longo dos altos e baixos do \u201cThe Plastic Hike\u201d. Nunca desilude ningu\u00e9m e \u00e9 o respons\u00e1vel pela parte mais importante: Boa disposi\u00e7\u00e3o!<\/span><\/p>[\/et_pb_team_member][\/et_pb_column][et_pb_column type=&#8221;1_4&#8243; _builder_version=&#8221;3.25&#8243; custom_padding=&#8221;|||&#8221; custom_padding__hover=&#8221;|||&#8221;][\/et_pb_column][\/et_pb_row][\/et_pb_section]\n","protected":false},"excerpt":{"rendered":"<p>A nossa miss\u00e3oTodos os anos, mais de 8 milh\u00f5es de toneladas de pl\u00e1stico entram nos oceanos.\u00a0 J\u00e1 foram encontrados micropl\u00e1sticos na \u00e1gua pot\u00e1vel, na comida e ainda em placentas humanas. [&hellip;]<\/p>\n","protected":false},"author":2,"featured_media":0,"parent":0,"menu_order":0,"comment_status":"closed","ping_status":"closed","template":"","meta":{"_et_pb_use_builder":"on","_et_pb_old_content":"","_et_gb_content_width":"","footnotes":""},"folder":[20],"class_list":["post-3243","page","type-page","status-publish","hentry"],"_links":{"self":[{"href":"https:\/\/thetrashtraveler.org\/pt\/wp-json\/wp\/v2\/pages\/3243","targetHints":{"allow":["GET"]}}],"collection":[{"href":"https:\/\/thetrashtraveler.org\/pt\/wp-json\/wp\/v2\/pages"}],"about":[{"href":"https:\/\/thetrashtraveler.org\/pt\/wp-json\/wp\/v2\/types\/page"}],"author":[{"embeddable":true,"href":"https:\/\/thetrashtraveler.org\/pt\/wp-json\/wp\/v2\/users\/2"}],"replies":[{"embeddable":true,"href":"https:\/\/thetrashtraveler.org\/pt\/wp-json\/wp\/v2\/comments?post=3243"}],"version-history":[{"count":11,"href":"https:\/\/thetrashtraveler.org\/pt\/wp-json\/wp\/v2\/pages\/3243\/revisions"}],"predecessor-version":[{"id":6381,"href":"https:\/\/thetrashtraveler.org\/pt\/wp-json\/wp\/v2\/pages\/3243\/revisions\/6381"}],"wp:attachment":[{"href":"https:\/\/thetrashtraveler.org\/pt\/wp-json\/wp\/v2\/media?parent=3243"}],"wp:term":[{"taxonomy":"folder","embeddable":true,"href":"https:\/\/thetrashtraveler.org\/pt\/wp-json\/wp\/v2\/folder?post=3243"}],"curies":[{"name":"wp","href":"https:\/\/api.w.org\/{rel}","templated":true}]}}