{"id":3251,"date":"2021-06-15T07:42:41","date_gmt":"2021-06-15T07:42:41","guid":{"rendered":"https:\/\/theplastichike.org\/?page_id=3251"},"modified":"2021-06-27T11:43:57","modified_gmt":"2021-06-27T11:43:57","slug":"accao","status":"publish","type":"page","link":"https:\/\/thetrashtraveler.org\/pt\/accao\/","title":{"rendered":"A\u00c7\u00c3O"},"content":{"rendered":"<p>[et_pb_section fb_built=&#8221;1&#8243; admin_label=&#8221;ACTION&#8221; _builder_version=&#8221;4.9.7&#8243; background_color=&#8221;RGBA(0,0,0,0)&#8221; background_image=&#8221;https:\/\/thetrashtraveler.org\/wp-content\/uploads\/2021\/06\/ACAO-PC.png&#8221; background_position=&#8221;top_center&#8221; height_tablet=&#8221;&#8221; height_phone=&#8221;&#8221; height_last_edited=&#8221;on|phone&#8221; custom_margin=&#8221;-400px||||false|false&#8221; custom_margin_tablet=&#8221;&#8221; custom_margin_phone=&#8221;-100px||||false|false&#8221; custom_margin_last_edited=&#8221;on|desktop&#8221; custom_padding=&#8221;100px||0px|||&#8221; background_last_edited=&#8221;on|phone&#8221; background_image_phone=&#8221;https:\/\/thetrashtraveler.org\/wp-content\/uploads\/2021\/06\/ACAO-MOBILE.png&#8221; background_enable_image_phone=&#8221;on&#8221; collapsed=&#8221;off&#8221;][et_pb_row _builder_version=&#8221;4.9.4&#8243; _module_preset=&#8221;default&#8221; custom_margin=&#8221;475px||||false|false&#8221; custom_margin_tablet=&#8221;&#8221; custom_margin_phone=&#8221;100px||||false|false&#8221; custom_margin_last_edited=&#8221;on|phone&#8221;][et_pb_column type=&#8221;4_4&#8243; _builder_version=&#8221;4.9.4&#8243; _module_preset=&#8221;default&#8221;][et_pb_text _builder_version=&#8221;4.9.7&#8243; _module_preset=&#8221;92a8c64c-048b-49bd-befb-ae63167bb719&#8243; text_font_size_phone=&#8221;17px&#8221;]<\/p>\n<p><span style=\"font-weight: 400;\">Enquanto consumidores temos o poder de escolher o que consumimos, o que se traduz em altera\u00e7\u00f5es no mercado.\u00a0<\/span><\/p>\n<p><span style=\"font-weight: 400;\">Por um lado, temos a op\u00e7\u00e3o de apoiar neg\u00f3cios justos, mercados locais, lojas Zero Waste e atividades sustent\u00e1veis. Por outro lado, podemos n\u00f3s pr\u00f3prios ser ativistas digitais, ao assinar peti\u00e7\u00f5es e promover a mudan\u00e7a. Neste mundo moderno, \u00e9 f\u00e1cil agir e, atrav\u00e9s de alguns cliques, ser parte da mudan\u00e7a.\u00a0<\/span><\/p>\n<p><span style=\"font-weight: 400;\">O \u201cThe Plastic Hike\u201d \u00e9 um projeto que integra uma ONG, e todos n\u00f3s &#8211; equipa e artistas &#8211; dedicamos o nosso tempo \u00e0 conscientiza\u00e7\u00e3o e na luta por um futuro melhor.<\/span><\/p>\n<p>[\/et_pb_text][\/et_pb_column][\/et_pb_row][et_pb_row column_structure=&#8221;1_4,1_4,1_4,1_4&#8243; use_custom_gutter=&#8221;on&#8221; gutter_width=&#8221;2&#8243; make_equal=&#8221;on&#8221; _builder_version=&#8221;4.9.7&#8243; _module_preset=&#8221;default&#8221; custom_margin=&#8221;||||false|false&#8221; custom_margin_tablet=&#8221;&#8221; custom_margin_phone=&#8221;0px||||false|false&#8221; custom_margin_last_edited=&#8221;on|phone&#8221;][et_pb_column type=&#8221;1_4&#8243; _builder_version=&#8221;4.9.4&#8243; _module_preset=&#8221;default&#8221; custom_padding=&#8221;||||false|false&#8221; box_shadow_style=&#8221;preset1&#8243;][et_pb_blurb title=&#8221;Solu\u00e7\u00f5es&#8221; use_icon=&#8221;on&#8221; font_icon=&#8221;%%234%%&#8221; _builder_version=&#8221;4.9.7&#8243; _module_preset=&#8221;3f909822-f685-4c6a-b9b4-da7514c53186&#8243; height=&#8221;290px&#8221; height_tablet=&#8221;&#8221; height_phone=&#8221;&#8221; height_last_edited=&#8221;on|phone&#8221; link_option_url=&#8221;@ET-DC@eyJkeW5hbWljIjp0cnVlLCJjb250ZW50IjoicG9zdF9saW5rX3VybF9wYWdlIiwic2V0dGluZ3MiOnsicG9zdF9pZCI6IjMyNTkifX0=@&#8221; hover_enabled=&#8221;0&#8243; _dynamic_attributes=&#8221;link_option_url&#8221; sticky_enabled=&#8221;0&#8243;]<\/p>\n<p><span style=\"font-weight: 400;\">Aqui podes encontrar uma lista de neg\u00f3cios, iniciativas e experi\u00eancias sustent\u00e1veis de Portugal.<\/span><\/p>\n<p>[\/et_pb_blurb][\/et_pb_column][et_pb_column type=&#8221;1_4&#8243; _builder_version=&#8221;4.9.4&#8243; _module_preset=&#8221;default&#8221; custom_padding=&#8221;||||false|false&#8221; box_shadow_style=&#8221;preset1&#8243;][et_pb_blurb title=&#8221;Peti\u00e7\u00f5es&#8221; use_icon=&#8221;on&#8221; font_icon=&#8221;%%210%%&#8221; _builder_version=&#8221;4.9.7&#8243; _dynamic_attributes=&#8221;link_option_url&#8221; _module_preset=&#8221;3f909822-f685-4c6a-b9b4-da7514c53186&#8243; height=&#8221;290px&#8221; height_tablet=&#8221;&#8221; height_phone=&#8221;&#8221; height_last_edited=&#8221;on|phone&#8221; link_option_url=&#8221;@ET-DC@eyJkeW5hbWljIjp0cnVlLCJjb250ZW50IjoicG9zdF9saW5rX3VybF9wYWdlIiwic2V0dGluZ3MiOnsicG9zdF9pZCI6IjMyNjEifX0=@&#8221; hover_enabled=&#8221;0&#8243; sticky_enabled=&#8221;0&#8243;]<\/p>\n<p><span style=\"font-weight: 400;\">As ONGs de Portugal est\u00e3o a trabalhar arduamente na prote\u00e7\u00e3o da natureza e do oceano. Esta sec\u00e7\u00e3o de peti\u00e7\u00f5es vai ser atualizada \u00e0 medida que surjam novas peti\u00e7\u00f5es, e em conjunto podemos promover a mudan\u00e7a.<\/span><\/p>\n<p>[\/et_pb_blurb][\/et_pb_column][et_pb_column type=&#8221;1_4&#8243; _builder_version=&#8221;4.9.4&#8243; _module_preset=&#8221;default&#8221; custom_padding=&#8221;||||false|false&#8221; box_shadow_style=&#8221;preset1&#8243;][et_pb_blurb title=&#8221;Donativos&#8221; use_icon=&#8221;on&#8221; font_icon=&#8221;%%257%%&#8221; _builder_version=&#8221;4.9.7&#8243; _module_preset=&#8221;3f909822-f685-4c6a-b9b4-da7514c53186&#8243; height_tablet=&#8221;&#8221; height_phone=&#8221;&#8221; height_last_edited=&#8221;on|phone&#8221; link_option_url=&#8221;@ET-DC@eyJkeW5hbWljIjp0cnVlLCJjb250ZW50IjoicG9zdF9saW5rX3VybF9wYWdlIiwic2V0dGluZ3MiOnsicG9zdF9pZCI6IjMyNjMifX0=@&#8221; hover_enabled=&#8221;0&#8243; _dynamic_attributes=&#8221;link_option_url&#8221; sticky_enabled=&#8221;0&#8243;]<\/p>\n<p><span style=\"font-weight: 400;\">O projeto \u201cThe Plastic Hike\u201d faz parte da \u201cAssocia\u00e7\u00e3o Novo Mundo Azul\u201d. Dedicamos o nosso tempo a uma boa causa e queremos lutar por um mundo justo, em que os humanos vivem em harmonia com a natureza. Se nos quiseres ajudar a levar este projeto mais al\u00e9m, podes fazer uma doa\u00e7\u00e3o aqui.<\/span><\/p>\n<p>[\/et_pb_blurb][\/et_pb_column][et_pb_column type=&#8221;1_4&#8243; _builder_version=&#8221;4.9.4&#8243; _module_preset=&#8221;default&#8221; custom_padding=&#8221;||||false|false&#8221; box_shadow_style=&#8221;preset1&#8243;][et_pb_blurb title=&#8221;Diz OL\u00c1 !&#8221; use_icon=&#8221;on&#8221; font_icon=&#8221;%%259%%&#8221; _builder_version=&#8221;4.9.7&#8243; _dynamic_attributes=&#8221;link_option_url&#8221; _module_preset=&#8221;3f909822-f685-4c6a-b9b4-da7514c53186&#8243; link_option_url=&#8221;@ET-DC@eyJkeW5hbWljIjp0cnVlLCJjb250ZW50IjoicG9zdF9saW5rX3VybF9wYWdlIiwic2V0dGluZ3MiOnsicG9zdF9pZCI6IjMyNjcifX0=@&#8221; hover_enabled=&#8221;0&#8243; sticky_enabled=&#8221;0&#8243;]<\/p>\n<p><span style=\"font-weight: 400;\">D\u00e1-nos o teu <\/span><i><span style=\"font-weight: 400;\">feedback<\/span><\/i><span style=\"font-weight: 400;\"> ou reserva a Equipa The Plastic Hike para workshops, limpezas ou exibi\u00e7\u00f5es do document\u00e1rio. Mais informa\u00e7\u00f5es sobre arte, voluntariado ou patroc\u00ednios. Este \u00e9 o lugar para partilhares connosco os teus pensamentos!<\/span><\/p>\n<p>[\/et_pb_blurb][\/et_pb_column][\/et_pb_row][\/et_pb_section]<\/p>\n","protected":false},"excerpt":{"rendered":"<p>Enquanto consumidores temos o poder de escolher o que consumimos, o que se traduz em altera\u00e7\u00f5es no mercado.\u00a0 Por um lado, temos a op\u00e7\u00e3o de apoiar neg\u00f3cios justos, mercados locais, [&hellip;]<\/p>\n","protected":false},"author":2,"featured_media":0,"parent":0,"menu_order":0,"comment_status":"closed","ping_status":"closed","template":"","meta":{"_et_pb_use_builder":"on","_et_pb_old_content":"","_et_gb_content_width":"","footnotes":""},"folder":[20],"class_list":["post-3251","page","type-page","status-publish","hentry"],"_links":{"self":[{"href":"https:\/\/thetrashtraveler.org\/pt\/wp-json\/wp\/v2\/pages\/3251","targetHints":{"allow":["GET"]}}],"collection":[{"href":"https:\/\/thetrashtraveler.org\/pt\/wp-json\/wp\/v2\/pages"}],"about":[{"href":"https:\/\/thetrashtraveler.org\/pt\/wp-json\/wp\/v2\/types\/page"}],"author":[{"embeddable":true,"href":"https:\/\/thetrashtraveler.org\/pt\/wp-json\/wp\/v2\/users\/2"}],"replies":[{"embeddable":true,"href":"https:\/\/thetrashtraveler.org\/pt\/wp-json\/wp\/v2\/comments?post=3251"}],"version-history":[{"count":8,"href":"https:\/\/thetrashtraveler.org\/pt\/wp-json\/wp\/v2\/pages\/3251\/revisions"}],"predecessor-version":[{"id":3901,"href":"https:\/\/thetrashtraveler.org\/pt\/wp-json\/wp\/v2\/pages\/3251\/revisions\/3901"}],"wp:attachment":[{"href":"https:\/\/thetrashtraveler.org\/pt\/wp-json\/wp\/v2\/media?parent=3251"}],"wp:term":[{"taxonomy":"folder","embeddable":true,"href":"https:\/\/thetrashtraveler.org\/pt\/wp-json\/wp\/v2\/folder?post=3251"}],"curies":[{"name":"wp","href":"https:\/\/api.w.org\/{rel}","templated":true}]}}