{"id":3259,"date":"2021-06-15T07:48:16","date_gmt":"2021-06-15T07:48:16","guid":{"rendered":"https:\/\/theplastichike.org\/?page_id=3259"},"modified":"2021-07-16T15:53:52","modified_gmt":"2021-07-16T15:53:52","slug":"solucoes","status":"publish","type":"page","link":"https:\/\/thetrashtraveler.org\/pt\/solucoes\/","title":{"rendered":"Solu\u00e7\u00f5es"},"content":{"rendered":"<p>[et_pb_section fb_built=&#8221;1&#8243; admin_label=&#8221;Section&#8221; _builder_version=&#8221;4.9.7&#8243; background_color=&#8221;RGBA(0,0,0,0)&#8221; background_image=&#8221;https:\/\/thetrashtraveler.org\/wp-content\/uploads\/2021\/06\/SOLUCOES-PC.png&#8221; background_position=&#8221;top_center&#8221; height_tablet=&#8221;&#8221; height_phone=&#8221;&#8221; height_last_edited=&#8221;on|phone&#8221; custom_margin=&#8221;-400px||||false|false&#8221; custom_margin_tablet=&#8221;&#8221; custom_margin_phone=&#8221;-100px||||false|false&#8221; custom_margin_last_edited=&#8221;on|desktop&#8221; custom_padding=&#8221;100px||0px|||&#8221; background_last_edited=&#8221;on|phone&#8221; background_image_phone=&#8221;https:\/\/thetrashtraveler.org\/wp-content\/uploads\/2021\/06\/SOLUCOES-MOBILE.png&#8221; background_enable_image_phone=&#8221;on&#8221; collapsed=&#8221;on&#8221;][et_pb_row _builder_version=&#8221;4.9.4&#8243; _module_preset=&#8221;default&#8221;][et_pb_column type=&#8221;4_4&#8243; _builder_version=&#8221;4.9.4&#8243; _module_preset=&#8221;default&#8221;][et_pb_text _builder_version=&#8221;4.9.7&#8243; _module_preset=&#8221;92a8c64c-048b-49bd-befb-ae63167bb719&#8243; custom_margin=&#8221;200px||||false|false&#8221; custom_margin_phone=&#8221;100px|0px||0px|false|false&#8221;]<\/p>\n<p><span style=\"font-weight: 400;\">Aqui podes encontrar uma lista de neg\u00f3cios, iniciativas e experi\u00eancias em Portugal. Esperamos que seja uma inspira\u00e7\u00e3o para iniciares projetos de forma respons\u00e1vel. Queremos mostrar que \u00e9 poss\u00edvel juntar o neg\u00f3cio ao respeito pela natureza.<\/span><\/p>\n<p><span style=\"font-weight: 400;\">Se te inscreveres para receber a newsletter, vais ser atualizado sobre os novos neg\u00f3cios que vamos descobrimos a cada dia. Vamos estabelecer parcerias para que possas ganhar descontos e experimentar algumas destas solu\u00e7\u00f5es.<\/span><\/p>\n<p><span style=\"font-weight: 400;\">Se fazes parte de um projeto ou se conheces algum que se enquadre nestas ideias, gost\u00e1vamos de saber mais sobre ele.<\/span><\/p>\n<p>[\/et_pb_text][et_pb_text _builder_version=&#8221;4.9.9&#8243; _module_preset=&#8221;92a8c64c-048b-49bd-befb-ae63167bb719&#8243; custom_margin_phone=&#8221;100px|0px||0px|false|false&#8221; hover_enabled=&#8221;0&#8243; text_font_size=&#8221;18px&#8221; sticky_enabled=&#8221;0&#8243;]<\/p>\n<p>ESTAMOS A TRABALHAR NA NOSSA LISTA &#8211; FICA ATENTO !<\/p>\n<p>[\/et_pb_text][\/et_pb_column][\/et_pb_row][et_pb_row column_structure=&#8221;1_4,1_4,1_4,1_4&#8243; _builder_version=&#8221;4.9.6&#8243; _module_preset=&#8221;default&#8221;][et_pb_column type=&#8221;1_4&#8243; _builder_version=&#8221;4.9.6&#8243; _module_preset=&#8221;default&#8221; custom_padding=&#8221;20px|20px|20px|20px|false|false&#8221; box_shadow_style=&#8221;preset1&#8243;][et_pb_blurb title=&#8221;CIRCULAR WEAR&#8221; image=&#8221;https:\/\/thetrashtraveler.org\/wp-content\/uploads\/2021\/06\/11-CIRCULAR-LOGO.jpg&#8221; _builder_version=&#8221;4.9.7&#8243; _module_preset=&#8221;3f909822-f685-4c6a-b9b4-da7514c53186&#8243; custom_margin=&#8221;||8px||false|false&#8221; custom_padding=&#8221;||||false|false&#8221; background__hover_enabled=&#8221;on|hover&#8221; background_color__hover=&#8221;RGBA(0,0,0,0)&#8221; custom_margin__hover_enabled=&#8221;on|desktop&#8221;]<\/p>\n<p><span style=\"font-weight: 400;\">A comunidade de partilhas e trocas de roupa, onde podemos dar o que j\u00e1 n\u00e3o usamos e levar algo pelo qual nos apaixonamos. SWAP SPOTs gratuitos e abertos a todos!<\/span><\/p>\n<p>[\/et_pb_blurb][et_pb_text _builder_version=&#8221;4.9.6&#8243; _module_preset=&#8221;b7b237a2-565c-4889-ab2f-f8cd1d74ee22&#8243; text_text_color=&#8221;#FFFFFF&#8221; text_font_size=&#8221;15px&#8221; text_orientation=&#8221;center&#8221; link_option_url=&#8221;https:\/\/pt.circularwear.com\/&#8221; text_text_color__hover_enabled=&#8221;on|hover&#8221; text_text_color__hover=&#8221;#D6D6D6&#8243;]<\/p>\n<p>circularwear.com<\/p>\n<p>[\/et_pb_text][et_pb_social_media_follow _builder_version=&#8221;4.9.6&#8243; _module_preset=&#8221;default&#8221; text_orientation=&#8221;center&#8221; custom_margin=&#8221;-28px||||false|false&#8221;][et_pb_social_media_follow_network social_network=&#8221;instagram&#8221; url=&#8221;https:\/\/www.instagram.com\/circularwear\/&#8221; icon_color=&#8221;#FFFFFF&#8221; _builder_version=&#8221;4.9.6&#8243; _module_preset=&#8221;default&#8221; background_color=&#8221;#ea2c59&#8243; follow_button=&#8221;off&#8221; url_new_window=&#8221;on&#8221;]instagram[\/et_pb_social_media_follow_network][et_pb_social_media_follow_network social_network=&#8221;facebook&#8221; url=&#8221;https:\/\/www.facebook.com\/circularwear\/&#8221; icon_color=&#8221;#FFFFFF&#8221; _builder_version=&#8221;4.9.6&#8243; _module_preset=&#8221;default&#8221; background_color=&#8221;#3b5998&#8243; follow_button=&#8221;off&#8221; url_new_window=&#8221;on&#8221;]facebook[\/et_pb_social_media_follow_network][\/et_pb_social_media_follow][et_pb_text disabled_on=&#8221;on|on|on&#8221; _builder_version=&#8221;4.9.7&#8243; _module_preset=&#8221;92a8c64c-048b-49bd-befb-ae63167bb719&#8243; custom_margin=&#8221;-15px||||false|false&#8221; disabled=&#8221;on&#8221;]<\/p>\n<p><a href=\"https:\/\/thetrashtraveler.org\/o-jogo\/\"><b>OFERTA PARA O JOGO:<\/b><\/a><br \/><span style=\"font-weight: 400;\">Workshop: Como transformar as tuas cal\u00e7as velhas.<\/span><\/p>\n<p>[\/et_pb_text][\/et_pb_column][et_pb_column type=&#8221;1_4&#8243; _builder_version=&#8221;4.9.6&#8243; _module_preset=&#8221;default&#8221;][\/et_pb_column][et_pb_column type=&#8221;1_4&#8243; _builder_version=&#8221;4.9.6&#8243; _module_preset=&#8221;default&#8221;][\/et_pb_column][et_pb_column type=&#8221;1_4&#8243; _builder_version=&#8221;4.9.6&#8243; _module_preset=&#8221;default&#8221;][\/et_pb_column][\/et_pb_row][\/et_pb_section]<\/p>\n","protected":false},"excerpt":{"rendered":"<p>Aqui podes encontrar uma lista de neg\u00f3cios, iniciativas e experi\u00eancias em Portugal. Esperamos que seja uma inspira\u00e7\u00e3o para iniciares projetos de forma respons\u00e1vel. Queremos mostrar que \u00e9 poss\u00edvel juntar o [&hellip;]<\/p>\n","protected":false},"author":2,"featured_media":0,"parent":0,"menu_order":0,"comment_status":"closed","ping_status":"closed","template":"","meta":{"_et_pb_use_builder":"on","_et_pb_old_content":"","_et_gb_content_width":"","footnotes":""},"folder":[20],"class_list":["post-3259","page","type-page","status-publish","hentry"],"_links":{"self":[{"href":"https:\/\/thetrashtraveler.org\/pt\/wp-json\/wp\/v2\/pages\/3259","targetHints":{"allow":["GET"]}}],"collection":[{"href":"https:\/\/thetrashtraveler.org\/pt\/wp-json\/wp\/v2\/pages"}],"about":[{"href":"https:\/\/thetrashtraveler.org\/pt\/wp-json\/wp\/v2\/types\/page"}],"author":[{"embeddable":true,"href":"https:\/\/thetrashtraveler.org\/pt\/wp-json\/wp\/v2\/users\/2"}],"replies":[{"embeddable":true,"href":"https:\/\/thetrashtraveler.org\/pt\/wp-json\/wp\/v2\/comments?post=3259"}],"version-history":[{"count":6,"href":"https:\/\/thetrashtraveler.org\/pt\/wp-json\/wp\/v2\/pages\/3259\/revisions"}],"predecessor-version":[{"id":3957,"href":"https:\/\/thetrashtraveler.org\/pt\/wp-json\/wp\/v2\/pages\/3259\/revisions\/3957"}],"wp:attachment":[{"href":"https:\/\/thetrashtraveler.org\/pt\/wp-json\/wp\/v2\/media?parent=3259"}],"wp:term":[{"taxonomy":"folder","embeddable":true,"href":"https:\/\/thetrashtraveler.org\/pt\/wp-json\/wp\/v2\/folder?post=3259"}],"curies":[{"name":"wp","href":"https:\/\/api.w.org\/{rel}","templated":true}]}}