{"id":3960,"date":"2021-07-18T12:28:58","date_gmt":"2021-07-18T12:28:58","guid":{"rendered":"https:\/\/theplastichike.org\/?page_id=3960"},"modified":"2023-04-14T14:35:49","modified_gmt":"2023-04-14T14:35:49","slug":"the-butt-hike","status":"publish","type":"page","link":"https:\/\/thetrashtraveler.org\/pt\/the-butt-hike\/","title":{"rendered":"THE BUTT HIKE"},"content":{"rendered":"<p>[et_pb_section fb_built=&#8221;1&#8243; admin_label=&#8221;EXHIBITION PRESENTATION&#8221; _builder_version=&#8221;4.16&#8243; _module_preset=&#8221;default&#8221; background_image=&#8221;https:\/\/thetrashtraveler.org\/wp-content\/uploads\/2022\/01\/BACKGROUND-TOP.png&#8221; background_position=&#8221;top_center&#8221; height_tablet=&#8221;&#8221; height_phone=&#8221;1000px&#8221; height_last_edited=&#8221;on|phone&#8221; max_height_tablet=&#8221;&#8221; max_height_phone=&#8221;&#8221; max_height_last_edited=&#8221;on|phone&#8221; custom_margin=&#8221;||||false|false&#8221; custom_margin_tablet=&#8221;&#8221; custom_margin_phone=&#8221;||||false|false&#8221; custom_margin_last_edited=&#8221;on|desktop&#8221; background_last_edited=&#8221;on|phone&#8221; background_image_phone=&#8221;https:\/\/thetrashtraveler.org\/wp-content\/uploads\/2022\/01\/BACKGROUND-TOP.png&#8221; background_enable_image_phone=&#8221;on&#8221; parallax_phone=&#8221;off&#8221; parallax_method_phone=&#8221;on&#8221; background_size_tablet=&#8221;initial&#8221; background_size_phone=&#8221;initial&#8221; background_position_phone=&#8221;top_center&#8221; collapsed=&#8221;off&#8221; global_colors_info=&#8221;{}&#8221;][et_pb_row admin_label=&#8221;Exhibition presentation&#8221; _builder_version=&#8221;4.16&#8243; _module_preset=&#8221;default&#8221; width=&#8221;100%&#8221; width_tablet=&#8221;&#8221; width_phone=&#8221;100%&#8221; width_last_edited=&#8221;on|desktop&#8221; custom_margin=&#8221;100px||||false|false&#8221; custom_margin_tablet=&#8221;&#8221; custom_margin_phone=&#8221;60px||||false|false&#8221; custom_margin_last_edited=&#8221;on|desktop&#8221; global_colors_info=&#8221;{}&#8221;][et_pb_column type=&#8221;4_4&#8243; _builder_version=&#8221;4.16&#8243; _module_preset=&#8221;default&#8221; global_colors_info=&#8221;{}&#8221;][et_pb_image src=&#8221;https:\/\/thetrashtraveler.org\/wp-content\/uploads\/2022\/01\/THE-BUTT-HIKE-Header.png&#8221; title_text=&#8221;THE BUTT HIKE Header&#8221; _builder_version=&#8221;4.16&#8243; _module_preset=&#8221;default&#8221; width=&#8221;90%&#8221; width_tablet=&#8221;90%&#8221; width_phone=&#8221;90%&#8221; width_last_edited=&#8221;on|desktop&#8221; module_alignment=&#8221;center&#8221; global_colors_info=&#8221;{}&#8221;][\/et_pb_image][et_pb_text _builder_version=&#8221;4.16&#8243; _module_preset=&#8221;4dd27e1d-2840-4b30-bb58-2ceab00c2e2e&#8221; text_orientation=&#8221;center&#8221; global_colors_info=&#8221;{}&#8221;]<\/p>\n<p><span style=\"font-weight: 400;\">The City Clean Up Tour 2021<\/span><\/p>\n<p>[\/et_pb_text][et_pb_text module_id=&#8221;Text&#8221; _builder_version=&#8221;4.16&#8243; _module_preset=&#8221;92a8c64c-048b-49bd-befb-ae63167bb719&#8243; width=&#8221;90%&#8221; width_tablet=&#8221;80%&#8221; width_phone=&#8221;80%&#8221; width_last_edited=&#8221;on|phone&#8221; module_alignment=&#8221;center&#8221; custom_margin_phone=&#8221;-10px|4px||4px|false|false&#8221; text_font_size_tablet=&#8221;&#8221; text_font_size_phone=&#8221;&#8221; text_font_size_last_edited=&#8221;on|desktop&#8221; global_colors_info=&#8221;{}&#8221;]<\/p>\n<p>The ocean starts with us in our homes, in our streets, in our cities.<\/p>\n<p>With a community of 600 people and 70 initiatives, The Trash Traveler and Fantastic Team collected 1,1 million cigarette butts within 2 months along the Portuguese coast. Cigarette butts are the most littered plastic item around the world and are filled with plenty of toxins. 1,1 million butts equals 2,5 hours of littering in Portugal. It\u2019s not about cleaning.<\/p>\n<p>What will happen with the collected butts? Circular solutions are key to reducing the trash mountain and therefore, the cigarette butts will be recycled with mushrooms and the end product may be used to build a tiny house for further awareness events. Until then, the butts will travel through schools, universities, festivals and other events in order to help increase awareness as much as possible.<\/p>\n<p><a href=\"mailto:thebutthike@gmail.com\"><strong>Book The Butt Hike Pyramids or 2D Butt art pieces for your event!<\/strong><\/a><br \/><strong><a href=\"https:\/\/thetrashtraveler.org\/butts-the-documentary\/\">The Documentary &#8220;BUTTS&#8221; is available for screenings! Contact us: thetrashtravelerteam@gmail.com<\/a><\/strong><\/p>\n<p>[\/et_pb_text][\/et_pb_column][\/et_pb_row][\/et_pb_section][et_pb_section fb_built=&#8221;1&#8243; module_id=&#8221;BUTT MAP&#8221; _builder_version=&#8221;4.16&#8243; _module_preset=&#8221;default&#8221; background_image=&#8221;https:\/\/thetrashtraveler.org\/wp-content\/uploads\/2021\/05\/FUNDO.png&#8221; custom_margin_tablet=&#8221;&#8221; custom_margin_phone=&#8221;-150px||||false|false&#8221; custom_margin_last_edited=&#8221;on|desktop&#8221; custom_padding=&#8221;4px|||||&#8221; link_option_url=&#8221;https:\/\/www.google.com\/maps\/d\/u\/0\/edit?mid=19vboVBossIICWnvh93ZzjfcLHv2ySByT&#038;usp=sharing&#8221; global_colors_info=&#8221;{}&#8221;][et_pb_row _builder_version=&#8221;4.16&#8243; _module_preset=&#8221;default&#8221; global_colors_info=&#8221;{}&#8221;][et_pb_column type=&#8221;4_4&#8243; _builder_version=&#8221;4.16&#8243; _module_preset=&#8221;default&#8221; global_colors_info=&#8221;{}&#8221;][et_pb_gallery gallery_ids=&#8221;4298,4291,4294,4292,4293,4295,4296,4297&#8243; fullwidth=&#8221;on&#8221; _builder_version=&#8221;4.16&#8243; _module_preset=&#8221;default&#8221; width=&#8221;100%&#8221; max_width=&#8221;100%&#8221; module_alignment=&#8221;center&#8221; min_height=&#8221;1000px&#8221; height=&#8221;1000px&#8221; max_height=&#8221;1000px&#8221; auto=&#8221;on&#8221; auto_speed=&#8221;5000&#8243; global_colors_info=&#8221;{}&#8221;][\/et_pb_gallery][\/et_pb_column][\/et_pb_row][et_pb_row _builder_version=&#8221;4.16&#8243; _module_preset=&#8221;default&#8221; global_colors_info=&#8221;{}&#8221;][et_pb_column type=&#8221;4_4&#8243; _builder_version=&#8221;4.16&#8243; _module_preset=&#8221;default&#8221; global_colors_info=&#8221;{}&#8221;][et_pb_text _builder_version=&#8221;4.16&#8243; _module_preset=&#8221;92a8c64c-048b-49bd-befb-ae63167bb719&#8243; custom_padding=&#8221;2px||0px|||&#8221; global_colors_info=&#8221;{}&#8221;]<\/p>\n<p>The<strong> biggest thanks goes to all the participants. Only together we can reach change.<\/strong><\/p>\n<p><strong>Projects in Portugal related to cigarette butts:<\/strong><\/p>\n<p>Biataki I Miss\u00e3o Beat\u00e3o I Feel4Planet I Beat the Butt I Jade CleanB<\/p>\n<p><strong>Further NGOs \/ Initiatives \/ Companies \/ Municipalities:<\/strong><\/p>\n<p>Mar\u00e9 Viva I Jovem Cascais I Youth Dream Associa\u00e7\u00e3o I Focus On Critical Actions I Ana Milhazes I LitterSea Global I N\u00e3o Lixes I Isto \u00e9 lixo I Catraia Festival I Lindomar I Eco Dogs Walk I MarMeu I Ocean Patrol I Surfrider Peniche I Mar \u00e0 Deriva I Oceanos Sem Pl\u00e1sticos I Guardiao Do Oceano I Zero Waste Youth Portugal I Instituto Lixo Zero Portugal I Recloset Secondhand I Movimento Claro I Zerowastelab pt I Livre Para I Route Portugal I Brigada do Mar I Planet Caretakers I Mint Beach Movement I Bandeira Azul I Programa Atlantis I Somar Bio I Sciaena I Green Vibe I Escola Azul I Circular Wear I EcoEscolas \/ ABAE I Oceano Azul Foundation I Sagres Beach Clean I Fishing4ghosts I Joana Schenker I Sea Shepherd Portugal I Tiago Greentribe I Antonio Raminhos I Hashtag Dondoca I Mar de Experi\u00eancias<br \/>Hope Green Home I Ana Quintas I Zero Plastico I My Barbeau I ICNF I Yogurt Nest I Granel de Aveiro I Linha de Onda &#8211; Escola Surf I Diogo Amaral &#8211; Remain Surfboards I Catarina Pires I Catarina Canelas I 1001 workshops infantis I Reutilizarmente I Ayala Botto I CoCasa Lisboa I Madame Granel I Mind the Trash I Quimera Travel Experiences I Balance Tangible Stories I Doca Pesca I Maria Granel I Nick Mattia I Origens A Granel Leiria I Cia Leiria I Silver Coast Volunteers I Hortaaporta.cr I MoverMira I Cultura Curto Espa\u00e7o I Armaz\u00e9m Integral I Associa\u00e7\u00e3o Recreativa E Cultural De M\u00fasicos I Associa\u00e7\u00e3o Cultural Re-Criativa Rep\u00fablica 14 I Quinta Do Mestre I Jack Wolfskin I CleanUpYourCityBremen<\/p>\n<p>C\u00e2mara Municipal de Sintra I C\u00e2mara Municipal de Cascais (Mar\u00e9 Viva) I Junta de Freguesia de Gafanha da Nazar\u00e9 I C\u00e2mara Municipal de Albufeira I C\u00e2mara Municipal de Espinho I C\u00e2mara Municipal de Set\u00fabal I C\u00e2mara Municipal de Odemira I C\u00e2mara Municipal de Vila do Bispo I C\u00e2mara Municipal de Esposende I C\u00e2mara Municipal de Mira (MoverMira) I Junta de Freguesia de Santa Maria, S\u00e3o Pedro e Sobral da Lagoa (\u00d3bidos) I C\u00e2mara Municipal de Torres Vedras I C\u00e2mara Municipal de Sesimbra I C\u00e2mara Municipal de Tavira I <br \/>C\u00e2mara Municipal de Sesimbra<\/p>\n<p><strong>Accomodation:<\/strong><\/p>\n<p>Neya Porto Hotel (Porto) I Hotel Santa Cruz (Santa Cruz) I Well Hotel &amp; Spa (Santa Cruz) I Hotel Camar\u00e3o (Ericeira) I Quinta do P\u00e9 Descal\u00e7o (Sintra) I Hotel Estoril Eden (Estoril) I Hotel Lisboa Plaza (Lisboa) I Hotel Memmo Alfama (Lisboa) I Vila Gal\u00e9 (Lisboa) I Mercure Lisboa Almada Hotel (Almada) I P\u00caPA Guesthouse &amp; Lounge Bar (Set\u00fabal) I HI Arrifana Destination Hostel (Arrifana) I Arrifana Surf School &amp; Camp (Arrifana) I Belmar Spa &amp; Beach Resort (Lagos) I AIMM Portugal (Albufeira) I Alamos Retreat (Albufeira) I Faro Boutique Hotel (Faro) I Quinta Do Mestre (Tavira)<\/p>\n<p><strong>Alimenta\u00e7\u00e3o\/ Meals:<\/strong><\/p>\n<p>\u00c1 moda antiga \u2013 Retro Market Bistro (Viana do Castelo) I Peppermint Brunch &amp; Cocktails (Esposende) I Veggie Mercearia Cafetaria (P\u00f3voa de Varzim) I Encher o bandulho (Vila do Conde) I Picaba Natural Caf\u00e9 (Matosinhos) I Lado B (Porto) I Chez Maurice (Aguda) I Myintegralis (Ovar) I Village Brunch &amp; Coffee (Nazar\u00e9) I Botellini &#8211; Restaurante Vegetariano (Caldas da Rainha) I Be U (Ericeira) I M Butterfly Vegan Cuisine (Lisboa) I Eight The Health Lounge (Lisboa) I Plant Base (Lisboa) I Bloomy Market (Set\u00fabal) I Hummus Junction (Set\u00fabal) I Sea You Surf Caf\u00e9 (Aljezur) I Laundry Lounge Sagres (Sagres) I Armaz\u00e9m Integral (Portim\u00e3o) I Associa\u00e7\u00e3o Recreativa E Cultural De M\u00fasicos (Faro)<\/p>\n<p><strong><\/strong><\/p>\n<p>&nbsp;<\/p>\n<p>[\/et_pb_text][\/et_pb_column][\/et_pb_row][et_pb_row _builder_version=&#8221;4.16&#8243; _module_preset=&#8221;default&#8221; global_colors_info=&#8221;{}&#8221;][et_pb_column type=&#8221;4_4&#8243; _builder_version=&#8221;4.16&#8243; _module_preset=&#8221;default&#8221; global_colors_info=&#8221;{}&#8221;][et_pb_text _builder_version=&#8221;4.16&#8243; _module_preset=&#8221;b7b237a2-565c-4889-ab2f-f8cd1d74ee22&#8243; text_font_size=&#8221;20px&#8221; text_line_height=&#8221;0.6em&#8221; text_orientation=&#8221;center&#8221; link_option_url=&#8221;https:\/\/thetrashtraveler.org\/donations\/&#8221; global_colors_info=&#8221;{}&#8221;]<\/p>\n<p>Text us &#8211; <a href=\"mailto:thebutthike@gmail.com\">thebutthike@gmail.com<\/a><\/p>\n<p>Support us &#8211; <a href=\"https:\/\/thetrashtraveler.org\/donations\/\">donations<\/a><\/p>\n<p>&nbsp;<\/p>\n<p>[\/et_pb_text][\/et_pb_column][\/et_pb_row][et_pb_row _builder_version=&#8221;4.16&#8243; _module_preset=&#8221;default&#8221; global_colors_info=&#8221;{}&#8221;][et_pb_column type=&#8221;4_4&#8243; _builder_version=&#8221;4.16&#8243; _module_preset=&#8221;default&#8221; global_colors_info=&#8221;{}&#8221;][et_pb_button button_url=&#8221;https:\/\/thetrashtraveler.org\/the-butt-hike\/#BUTT%20MAP&#8221; button_text=&#8221;This has been the map of The Butt Hike !&#8221; button_alignment=&#8221;center&#8221; _builder_version=&#8221;4.16&#8243; _module_preset=&#8221;default&#8221; custom_button=&#8221;on&#8221; button_text_size=&#8221;20px&#8221; button_text_color=&#8221;#FFFFFF&#8221; button_bg_color=&#8221;rgba(255,255,255,0.29)&#8221; button_border_color=&#8221;rgba(224,153,0,0)&#8221; button_font=&#8221;Abel||||||||&#8221; button_use_icon=&#8221;off&#8221; custom_margin=&#8221;||0px||false|false&#8221; custom_margin_tablet=&#8221;&#8221; custom_margin_phone=&#8221;||0px||false|false&#8221; custom_margin_last_edited=&#8221;on|phone&#8221; custom_padding=&#8221;0px||0px||false|false&#8221; button_text_size_tablet=&#8221;&#8221; button_text_size_phone=&#8221;&#8221; button_text_size_last_edited=&#8221;on|desktop&#8221; button_text_shadow_style=&#8221;preset1&#8243; button_text_shadow_horizontal_length=&#8221;-0.1em&#8221; button_text_shadow_vertical_length=&#8221;0.03em&#8221; global_colors_info=&#8221;{}&#8221; button_bg_color__hover_enabled=&#8221;on|hover&#8221; button_bg_enable_color__hover=&#8221;on&#8221; button_text_size__hover_enabled=&#8221;on|hover&#8221; button_text_size__hover=&#8221;&#8221; button_bg_color__hover=&#8221;rgba(255,255,255,0.29)&#8221;][\/et_pb_button][\/et_pb_column][\/et_pb_row][\/et_pb_section]<\/p>\n","protected":false},"excerpt":{"rendered":"<p>The City Clean Up Tour 2021The ocean starts with us in our homes, in our streets, in our cities. With a community of 600 people and 70 initiatives, The Trash [&hellip;]<\/p>\n","protected":false},"author":2,"featured_media":0,"parent":0,"menu_order":0,"comment_status":"closed","ping_status":"closed","template":"","meta":{"_et_pb_use_builder":"on","_et_pb_old_content":"<!-- wp:divi\/placeholder \/-->","_et_gb_content_width":"","footnotes":""},"folder":[21],"class_list":["post-3960","page","type-page","status-publish","hentry"],"_links":{"self":[{"href":"https:\/\/thetrashtraveler.org\/pt\/wp-json\/wp\/v2\/pages\/3960","targetHints":{"allow":["GET"]}}],"collection":[{"href":"https:\/\/thetrashtraveler.org\/pt\/wp-json\/wp\/v2\/pages"}],"about":[{"href":"https:\/\/thetrashtraveler.org\/pt\/wp-json\/wp\/v2\/types\/page"}],"author":[{"embeddable":true,"href":"https:\/\/thetrashtraveler.org\/pt\/wp-json\/wp\/v2\/users\/2"}],"replies":[{"embeddable":true,"href":"https:\/\/thetrashtraveler.org\/pt\/wp-json\/wp\/v2\/comments?post=3960"}],"version-history":[{"count":52,"href":"https:\/\/thetrashtraveler.org\/pt\/wp-json\/wp\/v2\/pages\/3960\/revisions"}],"predecessor-version":[{"id":5691,"href":"https:\/\/thetrashtraveler.org\/pt\/wp-json\/wp\/v2\/pages\/3960\/revisions\/5691"}],"wp:attachment":[{"href":"https:\/\/thetrashtraveler.org\/pt\/wp-json\/wp\/v2\/media?parent=3960"}],"wp:term":[{"taxonomy":"folder","embeddable":true,"href":"https:\/\/thetrashtraveler.org\/pt\/wp-json\/wp\/v2\/folder?post=3960"}],"curies":[{"name":"wp","href":"https:\/\/api.w.org\/{rel}","templated":true}]}}