{"id":4887,"date":"2022-03-19T11:19:03","date_gmt":"2022-03-19T11:19:03","guid":{"rendered":"https:\/\/theplastichike.org\/?page_id=4887"},"modified":"2022-08-08T13:23:06","modified_gmt":"2022-08-08T13:23:06","slug":"the-trash-cycle","status":"publish","type":"page","link":"https:\/\/thetrashtraveler.org\/pt\/the-trash-cycle\/","title":{"rendered":"THE TRASH CYCLE"},"content":{"rendered":"<p>[et_pb_section fb_built=&#8221;1&#8243; admin_label=&#8221;Section&#8221; _builder_version=&#8221;4.17.4&#8243; background_color=&#8221;RGBA(0,0,0,0)&#8221; background_image=&#8221;https:\/\/thetrashtraveler.org\/wp-content\/uploads\/2022\/01\/BACKGROUND-TOP.png&#8221; background_position=&#8221;top_center&#8221; height_tablet=&#8221;1000px&#8221; height_phone=&#8221;1000px&#8221; height_last_edited=&#8221;on|phone&#8221; custom_margin=&#8221;||||false|false&#8221; custom_margin_tablet=&#8221;&#8221; custom_margin_phone=&#8221;||||false|false&#8221; custom_margin_last_edited=&#8221;on|tablet&#8221; custom_padding=&#8221;71px||||false|false&#8221; background_last_edited=&#8221;on|phone&#8221; background_image_phone=&#8221;https:\/\/thetrashtraveler.org\/wp-content\/uploads\/2022\/01\/BACKGROUND-TOP.png&#8221; background_enable_image_phone=&#8221;on&#8221; background_size_tablet=&#8221;initial&#8221; collapsed=&#8221;off&#8221; global_colors_info=&#8221;{}&#8221;][et_pb_row _builder_version=&#8221;4.16&#8243; _module_preset=&#8221;default&#8221; width=&#8221;100%&#8221; width_tablet=&#8221;100%&#8221; width_phone=&#8221;100%&#8221; width_last_edited=&#8221;on|desktop&#8221; custom_margin=&#8221;100px||||false|false&#8221; custom_margin_tablet=&#8221;&#8221; custom_margin_phone=&#8221;60px|auto|-13px|auto|false|false&#8221; custom_margin_last_edited=&#8221;on|phone&#8221; custom_padding=&#8221;||||false|false&#8221; global_colors_info=&#8221;{}&#8221;][et_pb_column type=&#8221;4_4&#8243; _builder_version=&#8221;4.16&#8243; _module_preset=&#8221;default&#8221; global_colors_info=&#8221;{}&#8221;][et_pb_image src=&#8221;https:\/\/thetrashtraveler.org\/wp-content\/uploads\/2022\/03\/Ativo-49.png&#8221; title_text=&#8221;Ativo 54&#8243; src_tablet=&#8221;https:\/\/thetrashtraveler.org\/wp-content\/uploads\/2022\/03\/Ativo-49.png&#8221; src_phone=&#8221;https:\/\/thetrashtraveler.org\/wp-content\/uploads\/2022\/03\/Ativo-54.png&#8221; src_last_edited=&#8221;on|phone&#8221; _builder_version=&#8221;4.16&#8243; _module_preset=&#8221;default&#8221; width=&#8221;70%&#8221; width_tablet=&#8221;80%&#8221; width_phone=&#8221;90%&#8221; width_last_edited=&#8221;on|desktop&#8221; module_alignment=&#8221;center&#8221; global_colors_info=&#8221;{}&#8221;][\/et_pb_image][\/et_pb_column][\/et_pb_row][et_pb_row _builder_version=&#8221;4.17.4&#8243; _module_preset=&#8221;default&#8221; custom_margin=&#8221;|auto||auto|false|false&#8221; custom_padding=&#8221;||||false|false&#8221; global_colors_info=&#8221;{}&#8221;][et_pb_column type=&#8221;4_4&#8243; _builder_version=&#8221;4.17.4&#8243; _module_preset=&#8221;default&#8221; global_colors_info=&#8221;{}&#8221;][et_pb_text _builder_version=&#8221;4.17.4&#8243; _module_preset=&#8221;92a8c64c-048b-49bd-befb-ae63167bb719&#8243; custom_padding=&#8221;0px|||||&#8221; global_colors_info=&#8221;{}&#8221;]<\/p>\n<p>Trash Cycle Reports: <a href=\"https:\/\/www.youtube.com\/watch?v=d6PXKsEOZrU&amp;t=53s\">SIC<\/a> , <a href=\"https:\/\/www.youtube.com\/watch?v=brp50GL7e-w&amp;t=26s\">RTP<\/a> , <a href=\"https:\/\/www.youtube.com\/watch?v=je2kamxc2K0&amp;t=4s\">ZDF <\/a>, <a href=\"https:\/\/www.publico.pt\/2022\/04\/04\/ciencia\/noticia\/alemao-quer-percorrer-portugal-bicicleta-recolher-lixo-2001283\">PUBLICO\u00a0<\/a><\/p>\n<p><a href=\"https:\/\/www.instagram.com\/thetrashtraveler\/\">The Trash Traveler<\/a> gave old second hand bicycle parts a new life and created &#8220;Rosa&#8221; with which he went on a 2370 km long &#8220;Volta de Portugal&#8221; within 55 days. <br \/>Cascais &#8211; Sagres &#8211; Vila Real Santo Antonio &#8211; N2 &#8211; Serra de Estrela &#8211; Chaves &#8211; Caminha &#8211; Porto &#8211; Nazare &#8211; Cascais<br \/>All with just a <strong>refillable water bottle<\/strong> and <strong>without a break day<\/strong>. 4599 bottles and cans were collected along the roads which were put on the ground in front of Torre de Belem as a final and will continue to raise awareness as art installations along the coast of Portugal.\u00a0<\/p>\n<p>Give Trash Value! Give everything another life cycle. Join the trash cycle to save the world.<br \/>Yearly 8 million tons of plastic to enter the ocean worldwide&#8230; Join The Trash Cycle and help spreading awareness!<br \/>This project supported the petition to implement a deposit system for bottles in Portugal.<\/p>\n<p><a href=\"https:\/\/drive.google.com\/drive\/folders\/1PeJIoNE30twGqMYYgDf9e6FFl_pnw2mr?usp=sharing\" style=\"font-size: 17px;\"><strong>CLCIK HERE: Project Resume, Fotos, Press Release for you to share to anyone who could help spreading the message!\u00a0<\/strong><\/a><\/p>\n<p><a href=\"https:\/\/chng.it\/8GWkMrDLKp\"><strong>Sign the PETITION for a deposit system &#8211; CLICK HERE!<br \/>Supported by 38 NGOs \/ initiatives in Portugal!<\/strong><\/a><\/p>\n<p><strong><\/strong><\/p>\n<p>[\/et_pb_text][et_pb_button button_url=&#8221;https:\/\/drive.google.com\/drive\/u\/1\/folders\/1PeJIoNE30twGqMYYgDf9e6FFl_pnw2mr&#8221; url_new_window=&#8221;on&#8221; button_text=&#8221;Fotos, Initial Summary, Press Release (in PT)&#8221; button_alignment=&#8221;center&#8221; _builder_version=&#8221;4.17.4&#8243; _module_preset=&#8221;default&#8221; custom_button=&#8221;on&#8221; button_text_color=&#8221;#FFFFFF&#8221; button_bg_color=&#8221;#E09900&#8243; button_border_color=&#8221;rgba(224,153,0,0)&#8221; button_font=&#8221;Abel||||||||&#8221; button_use_icon=&#8221;off&#8221; custom_margin=&#8221;||||false|false&#8221; custom_margin_tablet=&#8221;&#8221; custom_margin_phone=&#8221;||||false|false&#8221; custom_margin_last_edited=&#8221;on|phone&#8221; custom_padding=&#8221;0px||0px||false|false&#8221; button_text_size_tablet=&#8221;&#8221; button_text_size_phone=&#8221;&#8221; button_text_size_last_edited=&#8221;on|desktop&#8221; button_text_shadow_style=&#8221;preset1&#8243; button_text_shadow_horizontal_length=&#8221;-0.1em&#8221; button_text_shadow_vertical_length=&#8221;0.03em&#8221; global_colors_info=&#8221;{}&#8221; button_bg_color__hover_enabled=&#8221;on|hover&#8221; button_bg_color__hover=&#8221;rgba(224,153,0,0.58)&#8221; button_bg_enable_color__hover=&#8221;on&#8221; button_text_size__hover_enabled=&#8221;on|desktop&#8221; button_text_size__hover=&#8221;23px&#8221;][\/et_pb_button][et_pb_text _builder_version=&#8221;4.17.4&#8243; _module_preset=&#8221;92a8c64c-048b-49bd-befb-ae63167bb719&#8243; custom_padding=&#8221;||||false|false&#8221; global_colors_info=&#8221;{}&#8221;]<\/p>\n<p><a href=\"https:\/\/drive.google.com\/drive\/folders\/1PeJIoNE30twGqMYYgDf9e6FFl_pnw2mr?usp=sharing\" style=\"font-size: 17px;\"><strong><\/strong><\/a><\/p>\n<p><strong><a href=\"https:\/\/www.instagram.com\/thetrashtraveler\/\">HERE: Instagram: The Trash Traveler<\/a><\/strong><\/p>\n<p><a href=\"https:\/\/news.pressmailings.com\/companhiasolucoes\/the-trash-cycle-acao-de-sensibilizacao-ambiental-promove-volta-a-portugal-numa-bicicleta\"><\/a><\/p>\n<p><strong><\/strong><\/p>\n<p>[\/et_pb_text][\/et_pb_column][\/et_pb_row][\/et_pb_section][et_pb_section fb_built=&#8221;1&#8243; _builder_version=&#8221;4.17.1&#8243; _module_preset=&#8221;default&#8221; background_image=&#8221;https:\/\/thetrashtraveler.org\/wp-content\/uploads\/2022\/01\/FUNDO.png&#8221; min_height_tablet=&#8221;&#8221; min_height_phone=&#8221;200px&#8221; min_height_last_edited=&#8221;on|phone&#8221; custom_margin=&#8221;||||false|false&#8221; global_colors_info=&#8221;{}&#8221;][et_pb_row column_structure=&#8221;1_2,1_2&#8243; _builder_version=&#8221;4.17.4&#8243; _module_preset=&#8221;default&#8221; custom_margin=&#8221;|auto||auto|false|false&#8221; custom_margin_tablet=&#8221;||||false|false&#8221; custom_margin_phone=&#8221;-663px|auto||auto|false|false&#8221; custom_margin_last_edited=&#8221;on|tablet&#8221; custom_padding=&#8221;||||false|false&#8221; locked=&#8221;off&#8221; global_colors_info=&#8221;{}&#8221;][et_pb_column type=&#8221;1_2&#8243; _builder_version=&#8221;4.16&#8243; _module_preset=&#8221;default&#8221; custom_padding=&#8221;||||false|false&#8221; global_colors_info=&#8221;{}&#8221;][et_pb_image src=&#8221;https:\/\/thetrashtraveler.org\/wp-content\/uploads\/2022\/05\/PosterToWriteOnForLocalActions.jpeg&#8221; title_text=&#8221;PosterToWriteOnForLocalActions&#8221; _builder_version=&#8221;4.17.4&#8243; _module_preset=&#8221;default&#8221; global_colors_info=&#8221;{}&#8221;][\/et_pb_image][et_pb_text _builder_version=&#8221;4.16&#8243; _module_preset=&#8221;92a8c64c-048b-49bd-befb-ae63167bb719&#8243; text_orientation=&#8221;left&#8221; global_colors_info=&#8221;{}&#8221;][\/et_pb_text][\/et_pb_column][et_pb_column type=&#8221;1_2&#8243; _builder_version=&#8221;4.16&#8243; _module_preset=&#8221;default&#8221; custom_padding=&#8221;||||false|false&#8221; global_colors_info=&#8221;{}&#8221;][et_pb_text _builder_version=&#8221;4.17.4&#8243; _module_preset=&#8221;92a8c64c-048b-49bd-befb-ae63167bb719&#8243; text_orientation=&#8221;left&#8221; global_colors_info=&#8221;{}&#8221;]<\/p>\n<p>A resume will be placed in here soon. See an initial draft with fotos in this <a href=\"HERE:%20Instagram: The Trash Traveler\">gDrive Cloud folder.<\/a><\/p>\n<p>[\/et_pb_text][et_pb_text _builder_version=&#8221;4.16&#8243; _module_preset=&#8221;92a8c64c-048b-49bd-befb-ae63167bb719&#8243; text_orientation=&#8221;left&#8221; min_height=&#8221;7.8px&#8221; global_colors_info=&#8221;{}&#8221;][\/et_pb_text][\/et_pb_column][\/et_pb_row][et_pb_row _builder_version=&#8221;4.16&#8243; _module_preset=&#8221;default&#8221; width_tablet=&#8221;100%&#8221; width_phone=&#8221;100%&#8221; width_last_edited=&#8221;on|phone&#8221; global_colors_info=&#8221;{}&#8221;][et_pb_column type=&#8221;4_4&#8243; _builder_version=&#8221;4.16&#8243; _module_preset=&#8221;default&#8221; global_colors_info=&#8221;{}&#8221;][et_pb_code _builder_version=&#8221;4.16&#8243; _module_preset=&#8221;default&#8221; global_colors_info=&#8221;{}&#8221;]<iframe loading=\"lazy\" src=\"https:\/\/www.google.com\/maps\/d\/u\/0\/embed?mid=1JOyXeJCiigp1JfBYNqmaczeTg4_OiEyr&#038;ehbc=2E312F\" width=\"1600\" height=\"700\"><\/iframe>[\/et_pb_code][\/et_pb_column][\/et_pb_row][et_pb_row _builder_version=&#8221;4.16&#8243; _module_preset=&#8221;default&#8221; global_colors_info=&#8221;{}&#8221;][et_pb_column type=&#8221;4_4&#8243; _builder_version=&#8221;4.16&#8243; _module_preset=&#8221;default&#8221; global_colors_info=&#8221;{}&#8221;][et_pb_text _builder_version=&#8221;4.17.1&#8243; _module_preset=&#8221;default&#8221; global_colors_info=&#8221;{}&#8221;]<\/p>\n<p style=\"text-align: center;\"><a href=\"https:\/\/www.google.com\/maps\/d\/u\/0\/edit?hl=de&amp;mid=1JOyXeJCiigp1JfBYNqmaczeTg4_OiEyr&amp;ll=41.34232223497115%2C-8.611643513239153&amp;z=10\">If you don&#8217;t see the MAP &#8211; click here<\/a><span style=\"color: #ffffff;\"><\/span><\/p>\n<p style=\"text-align: center;\"><span style=\"color: #ffffff;\"><\/span><\/p>\n<p style=\"text-align: center;\"><span style=\"color: #ffffff;\">The<strong> biggest thanks goes to all the participants. Only together we make a change.<\/strong><\/span><\/p>\n<p style=\"text-align: center;\"><span style=\"color: #ffffff;\"><strong><\/strong><\/span><\/p>\n<p style=\"text-align: center;\"><a href=\"https:\/\/thetrashtraveler.org\/about-us\/\">Team<\/a><a href=\"https:\/\/thetrashtraveler.org\/about-us\/\">: Raquel Fortuna Lima, CameraWithNoName, Marisa Matos, Marta Ribeiro, Catarina Rodrigues, Ana Rita Seiroco, Judith Kopf, <\/a><a href=\"https:\/\/thetrashtraveler.org\/about-us\/\">Associacao Novo Mundo Azul<\/a><a href=\"https:\/\/thetrashtraveler.org\/about-us\/\"><\/a><span style=\"color: #ffffff;\"><strong><\/strong><\/span><\/p>\n<p style=\"text-align: center;\"><span style=\"color: #ffffff;\"><strong><\/strong><\/span><\/p>\n<p style=\"text-align: center;\"><span style=\"color: #ffffff;\"><strong>Sponsors:<\/strong><\/span><\/p>\n<p style=\"text-align: center;\"><span style=\"color: #ffffff;\"><a href=\"https:\/\/www.jack-wolfskin.com\/\">Jack Wolfskin<\/a> I <a href=\"https:\/\/oceanbeer.com\/\">Ocean Beer <\/a><\/span><span style=\"color: #ffffff;\">I<br \/><a href=\"https:\/\/www.exodusaveirofest.com\/\">EXODUS Aveiro Festival<\/a><\/span><\/p>\n<p style=\"text-align: center;\"><span style=\"color: #ffffff;\"><strong>Supporters<\/strong><br \/>All worth projects to check out! (This is a long lost and will be updated in the end of the journey)<\/span><\/p>\n<p style=\"text-align: center;\"><span style=\"color: #ffffff;\"><a href=\"https:\/\/mindthetrash.pt\/\">Loja MindTheTrash (Get your ZeroWaste discount with &#8220;thetrashtraveler&#8221;)<\/a> I Maria Granel I Ana Milhazes I Catholica4Future I EarthShipPortugal I Wild.Sierra.Project I Connect4Climate I WorldBank I N\u00e3o Lixes I Isto \u00e9 lixo I Catraia Festival I Lindomar I Eco Dogs Walk I MarMeu I Ocean Patrol I Surfrider Peniche I Mar \u00e0 Deriva I Oceanos Sem Pl\u00e1sticos I Guardiao Do Oceano I Zero Waste Youth Portugal I Instituto Lixo Zero Portugal I Recloset Secondhand I Zerowastelab pt I Livre Para I Route Portugal I Brigada do Mar I Planet Caretakers I Mint Beach Movement I Programa Atlantis I Somar Bio I Sciaena I Green Vibe I Escola Azul I Bandeira Azul \/ EcoEscolas \/ ABAE I Oceano Azul Foundation I Sagres Beach Clean I Sea Shepherd Portugal I Tiago Greentribe I Mar de Experi\u00eancias I Hope Green Home I Ana Quintas I Zero Plastico I Yogurt Nest I Linha de Onda \u2013 Escola Surf I Diogo Amaral \u2013 Remain Surfboards I Catarina Canelas I Reutilizarmente I Ayala Botto I CoCasa Lisboa I Madame Granel I MacedaSurfCamp I Green Diamond I Retorna I Zero Waste Youth Portugal I Lixo Nao I FOCA<\/span><\/p>\n<p style=\"text-align: center;\"><span style=\"color: #ffffff;\">Communication support: Greener Comunica\u00e7\u00e3o, Cision<\/span><\/p>\n<p style=\"text-align: center;\"><span style=\"color: #ffffff;\"><\/span><\/p>\n<p style=\"text-align: center;\"><span style=\"color: #ffffff;\">Municipio de Sintra I Freguesia Santo Andre I MoverMira I Municipio Espinho I Politecnico de Viseu<\/span><\/p>\n<p style=\"text-align: center;\">\n<p>[\/et_pb_text][\/et_pb_column][\/et_pb_row][\/et_pb_section]<\/p>\n","protected":false},"excerpt":{"rendered":"<p>Trash Cycle Reports: SIC , RTP , ZDF , PUBLICO\u00a0 The Trash Traveler gave old second hand bicycle parts a new life and created &#8220;Rosa&#8221; with which he went on [&hellip;]<\/p>\n","protected":false},"author":2,"featured_media":0,"parent":0,"menu_order":0,"comment_status":"closed","ping_status":"closed","template":"","meta":{"_et_pb_use_builder":"on","_et_pb_old_content":"","_et_gb_content_width":"","footnotes":""},"folder":[21],"class_list":["post-4887","page","type-page","status-publish","hentry"],"_links":{"self":[{"href":"https:\/\/thetrashtraveler.org\/pt\/wp-json\/wp\/v2\/pages\/4887","targetHints":{"allow":["GET"]}}],"collection":[{"href":"https:\/\/thetrashtraveler.org\/pt\/wp-json\/wp\/v2\/pages"}],"about":[{"href":"https:\/\/thetrashtraveler.org\/pt\/wp-json\/wp\/v2\/types\/page"}],"author":[{"embeddable":true,"href":"https:\/\/thetrashtraveler.org\/pt\/wp-json\/wp\/v2\/users\/2"}],"replies":[{"embeddable":true,"href":"https:\/\/thetrashtraveler.org\/pt\/wp-json\/wp\/v2\/comments?post=4887"}],"version-history":[{"count":81,"href":"https:\/\/thetrashtraveler.org\/pt\/wp-json\/wp\/v2\/pages\/4887\/revisions"}],"predecessor-version":[{"id":5198,"href":"https:\/\/thetrashtraveler.org\/pt\/wp-json\/wp\/v2\/pages\/4887\/revisions\/5198"}],"wp:attachment":[{"href":"https:\/\/thetrashtraveler.org\/pt\/wp-json\/wp\/v2\/media?parent=4887"}],"wp:term":[{"taxonomy":"folder","embeddable":true,"href":"https:\/\/thetrashtraveler.org\/pt\/wp-json\/wp\/v2\/folder?post=4887"}],"curies":[{"name":"wp","href":"https:\/\/api.w.org\/{rel}","templated":true}]}}